{"id":20269,"date":"2025-10-14T09:44:27","date_gmt":"2025-10-14T01:44:27","guid":{"rendered":"https:\/\/www.pawbilt.com\/?post_type=product&#038;p=20269"},"modified":"2025-10-22T20:34:01","modified_gmt":"2025-10-22T12:34:01","slug":"4l-pet-feeder-with-camera","status":"publish","type":"product","link":"https:\/\/www.pawbilt.com\/cs\/produkt\/4l-pet-feeder-with-camera\/","title":{"rendered":"Krm\u00edtko pro dom\u00e1c\u00ed mazl\u00ed\u010dky s kamerou | Pokro\u010dil\u00fd 4l automatick\u00fd design | PAWBILT"},"content":{"rendered":"<h2 class=\"ds-markdown-paragraph\"><strong>Objevte chytr\u00e9 krm\u00edtko PAWBILIT s kamerou: Inteligentn\u00ed krmen\u00ed a sledov\u00e1n\u00ed<\/strong><\/h2>\n<p class=\"ds-markdown-paragraph\">Seznamte se s revolu\u010dn\u00edm\u00a0<strong>PAWBILT Smart Pet Feeder s kamerou<\/strong>\u00a0- va\u0161e komplexn\u00ed \u0159e\u0161en\u00ed pro automatick\u00e9 krmen\u00ed a sledov\u00e1n\u00ed dom\u00e1c\u00edch mazl\u00ed\u010dk\u016f v re\u00e1ln\u00e9m \u010dase. Tento pokro\u010dil\u00fd\u00a0<strong>krm\u00edtko pro dom\u00e1c\u00ed zv\u00ed\u0159ata s kamerou<\/strong>\u00a0kombinuje velkorysou kapacitu 4 l s inteligentn\u00edmi mo\u017enostmi pl\u00e1nov\u00e1n\u00ed, tak\u017ee je ide\u00e1ln\u00ed pro dom\u00e1cnosti s v\u00edce zv\u00ed\u0159aty a zanepr\u00e1zdn\u011bn\u00e9 rodi\u010de dom\u00e1c\u00edch mazl\u00ed\u010dk\u016f. Integrovan\u00e1 HD kamera v\u00e1m umo\u017en\u00ed sledovat va\u0161e dom\u00e1c\u00ed mazl\u00ed\u010dky b\u011bhem j\u00eddla, zat\u00edmco inteligentn\u00ed technologie zajist\u00ed, \u017ee dostanou p\u0159esn\u00e9 porce podle va\u0161eho vlastn\u00edho rozvrhu.<\/p>\n<p class=\"ds-markdown-paragraph\"><strong>Pokro\u010dil\u00e9 funkce pro naprost\u00fd klid<\/strong><br \/>\nZa\u017eijte maxim\u00e1ln\u00ed pohodl\u00ed s touto inovativn\u00ed\u00a0<strong>krm\u00edtko pro dom\u00e1c\u00ed zv\u00ed\u0159ata s kamerou<\/strong>, kter\u00fd je vybaven k\u0159i\u0161\u0165\u00e1lov\u011b \u010dist\u00fdm sledov\u00e1n\u00edm obrazu a obousm\u011brnou zvukovou komunikac\u00ed. Propracovan\u00fd syst\u00e9m inteligentn\u00edho pl\u00e1nov\u00e1n\u00ed umo\u017e\u0148uje naprogramovat n\u011bkolik denn\u00edch krmen\u00ed, zat\u00edmco velk\u00e1 kapacita 4 l zaji\u0161\u0165uje nep\u0159etr\u017eitou v\u00fd\u017eivu po cel\u00e9 dny bez nutnosti dopl\u0148ov\u00e1n\u00ed. Ka\u017ed\u00fd aspekt t\u00e9to\u00a0<strong>automatick\u00e9 krm\u00edtko s kamerou<\/strong>\u00a0je navr\u017eena tak, aby v\u00e1s zbavila ru\u010dn\u00edho krmen\u00ed a z\u00e1rove\u0148 v\u00e1s udr\u017eela ve spojen\u00ed s va\u0161imi dom\u00e1c\u00edmi mazl\u00ed\u010dky.<\/p>\n<p class=\"ds-markdown-paragraph\"><strong>Inteligentn\u00ed technologie a vzd\u00e1len\u00e9 monitorov\u00e1n\u00ed<\/strong><br \/>\nZ\u016fsta\u0148te ve spojen\u00ed se sv\u00fdmi dom\u00e1c\u00edmi mazl\u00ed\u010dky prost\u0159ednictv\u00edm speci\u00e1ln\u00ed mobiln\u00ed aplikace, kter\u00e1 integruje ovl\u00e1d\u00e1n\u00ed krmen\u00ed i \u017eiv\u00fd videop\u0159enos. Tato \u0161pi\u010dkov\u00e1 technologie\u00a0<strong>krm\u00edtko pro dom\u00e1c\u00ed zv\u00ed\u0159ata s kamerou<\/strong>\u00a0poskytuje upozorn\u011bn\u00ed a ozn\u00e1men\u00ed v re\u00e1ln\u00e9m \u010dase, tak\u017ee m\u016f\u017eete sledovat, co d\u011blaj\u00ed va\u0161i mazl\u00ed\u010dci v dob\u011b j\u00eddla, a zajistit, aby v\u0161ichni jedli spr\u00e1vn\u011b. Spolehliv\u00fd provozn\u00ed syst\u00e9m zaru\u010duje konzistentn\u00ed v\u00fdkon a d\u00e1v\u00e1 v\u00e1m naprostou jistotu v p\u00e9\u010di o va\u0161e dom\u00e1c\u00ed mazl\u00ed\u010dky, i kdy\u017e jste mimo domov.<\/p>\n<p class=\"ds-markdown-paragraph\"><strong>Dokonal\u00e9 \u0159e\u0161en\u00ed pro obchodn\u00ed partnerstv\u00ed<\/strong><br \/>\nPro prodejce a distributory, kte\u0159\u00ed hledaj\u00ed pr\u00e9miov\u00e9 chytr\u00e9 produkty pro dom\u00e1c\u00ed zv\u00ed\u0159ata, je ur\u010dena\u00a0<strong>PAWBILT Smart Pet Feeder s kamerou<\/strong>\u00a0p\u0159edstavuje v\u00fdjime\u010dnou tr\u017en\u00ed p\u0159\u00edle\u017eitost. Nab\u00edz\u00edme komplexn\u00ed slu\u017eby OEM, konkurenceschopn\u00e9 velkoobchodn\u00ed ceny a mo\u017enosti vlastn\u00edho brandingu, kter\u00e9 spln\u00ed va\u0161e specifick\u00e9 obchodn\u00ed po\u017eadavky. <a href=\"https:\/\/www.pawbilt.com\/wp-content\/uploads\/2025\/10\/pawbilt-4l-smart-automatic-pet-feeder-main-1-600x450.jpg\">Kontaktujte n\u00e1s<\/a> a prodiskutovat mo\u017enosti partnerstv\u00ed a dozv\u011bd\u011bt se, jak tento inovativn\u00ed\u00a0<strong>krm\u00edtko pro dom\u00e1c\u00ed zv\u00ed\u0159ata s kamerou<\/strong>\u00a0m\u016f\u017ee obohatit va\u0161i nab\u00eddku produkt\u016f.<\/p>\n<p class=\"ds-markdown-paragraph\"><strong>Pro\u010d si vybrat PAWBILT?<\/strong><br \/>\nSpole\u010dnost PAWBILT, kter\u00e1 se op\u00edr\u00e1 o 13 let zku\u0161enost\u00ed s v\u00fdrobou a mezin\u00e1rodn\u00ed certifik\u00e1ty kvality, poskytuje spolehliv\u00e1 a vysoce \u00fa\u010dinn\u00e1 \u0159e\u0161en\u00ed p\u00e9\u010de o dom\u00e1c\u00ed zv\u00ed\u0159ata, kter\u00e1 si obl\u00edb\u00ed jak dom\u00e1c\u00ed mazl\u00ed\u010dci, tak jejich majitel\u00e9. P\u0159ipojte se k tis\u00edc\u016fm spokojen\u00fdch z\u00e1kazn\u00edk\u016f a obchodn\u00edch partner\u016f, kte\u0159\u00ed d\u016fv\u011b\u0159uj\u00ed na\u0161emu inovativn\u00edmu p\u0159\u00edstupu k technologi\u00edm pro dom\u00e1c\u00ed zv\u00ed\u0159ata.<\/p>\n<p>&nbsp;<\/p>\n<h2>Funkce:<\/h2>\n<p>\u2981 Kapacita 4 l pro v\u0161echny velikosti dom\u00e1c\u00edch zv\u00ed\u0159at.<br \/>\n\u2981 Inteligentn\u00ed pl\u00e1nov\u00e1n\u00ed pro snadn\u00e9 krmen\u00ed.<br \/>\n\u2981 Bezprobl\u00e9mov\u00e9 ovl\u00e1d\u00e1n\u00ed prost\u0159ednictv\u00edm aplikace.<br \/>\n\u2981 Vhodn\u00e9 pro dom\u00e1cnosti s v\u00edce zv\u00ed\u0159aty.<br \/>\n\u2981 Nep\u0159etr\u017eit\u00fd p\u0159\u00edsun v\u00fd\u017eivy.<br \/>\n\u2981 Snadn\u00e9 zvl\u00e1d\u00e1n\u00ed doby j\u00eddla.<\/p>\n<p>&nbsp;<\/p>\n<h2><strong>Specifikace:<\/strong><\/h2>\n<p><img fetchpriority=\"high\" decoding=\"async\" class=\"alignnone wp-image-21420\" src=\"https:\/\/www.pawbilt.com\/wp-content\/uploads\/2025\/10\/8.png\" alt=\"\" width=\"753\" height=\"555\" srcset=\"https:\/\/www.pawbilt.com\/wp-content\/uploads\/2025\/10\/8.png 976w, https:\/\/www.pawbilt.com\/wp-content\/uploads\/2025\/10\/8-300x221.png 300w, https:\/\/www.pawbilt.com\/wp-content\/uploads\/2025\/10\/8-768x566.png 768w, https:\/\/www.pawbilt.com\/wp-content\/uploads\/2025\/10\/8-16x12.png 16w\" sizes=\"(max-width: 753px) 100vw, 753px\" \/><\/p>\n<p><img decoding=\"async\" class=\"alignnone size-full wp-image-20276\" src=\"https:\/\/www.pawbilt.com\/wp-content\/uploads\/2025\/10\/pawbilt-4l-smart-automatic-pet-feeder-description-1.jpg\" alt=\"Pawbilt 4L Smart Automatic Pet Feeder Image\" width=\"750\" height=\"710\" srcset=\"https:\/\/www.pawbilt.com\/wp-content\/uploads\/2025\/10\/pawbilt-4l-smart-automatic-pet-feeder-description-1.jpg 750w, https:\/\/www.pawbilt.com\/wp-content\/uploads\/2025\/10\/pawbilt-4l-smart-automatic-pet-feeder-description-1-300x284.jpg 300w, https:\/\/www.pawbilt.com\/wp-content\/uploads\/2025\/10\/pawbilt-4l-smart-automatic-pet-feeder-description-1-13x12.jpg 13w\" sizes=\"(max-width: 750px) 100vw, 750px\" \/><\/p>\n<p><img decoding=\"async\" class=\"alignnone size-full wp-image-20277\" src=\"https:\/\/www.pawbilt.com\/wp-content\/uploads\/2025\/10\/pawbilt-4l-smart-automatic-pet-feeder-description-2.jpg\" alt=\"Pawbilt 4L Smart Automatic Pet Feeder Image\" width=\"750\" height=\"1258\" srcset=\"https:\/\/www.pawbilt.com\/wp-content\/uploads\/2025\/10\/pawbilt-4l-smart-automatic-pet-feeder-description-2.jpg 750w, https:\/\/www.pawbilt.com\/wp-content\/uploads\/2025\/10\/pawbilt-4l-smart-automatic-pet-feeder-description-2-179x300.jpg 179w, https:\/\/www.pawbilt.com\/wp-content\/uploads\/2025\/10\/pawbilt-4l-smart-automatic-pet-feeder-description-2-715x1200.jpg 715w, https:\/\/www.pawbilt.com\/wp-content\/uploads\/2025\/10\/pawbilt-4l-smart-automatic-pet-feeder-description-2-7x12.jpg 7w\" sizes=\"(max-width: 750px) 100vw, 750px\" \/><\/p>\n<p><img loading=\"lazy\" decoding=\"async\" class=\"alignnone size-full wp-image-20278\" src=\"https:\/\/www.pawbilt.com\/wp-content\/uploads\/2025\/10\/pawbilt-4l-smart-automatic-pet-feeder-description-3.jpg\" alt=\"Pawbilt 4L Smart Automatic Pet Feeder Image\" width=\"750\" height=\"625\" srcset=\"https:\/\/www.pawbilt.com\/wp-content\/uploads\/2025\/10\/pawbilt-4l-smart-automatic-pet-feeder-description-3.jpg 750w, https:\/\/www.pawbilt.com\/wp-content\/uploads\/2025\/10\/pawbilt-4l-smart-automatic-pet-feeder-description-3-300x250.jpg 300w, https:\/\/www.pawbilt.com\/wp-content\/uploads\/2025\/10\/pawbilt-4l-smart-automatic-pet-feeder-description-3-14x12.jpg 14w\" sizes=\"(max-width: 750px) 100vw, 750px\" \/><\/p>\n<p><img loading=\"lazy\" decoding=\"async\" class=\"alignnone size-full wp-image-20279\" src=\"https:\/\/www.pawbilt.com\/wp-content\/uploads\/2025\/10\/pawbilt-4l-smart-automatic-pet-feeder-description-4.jpg\" alt=\"Pawbilt 4L Smart Automatic Pet Feeder Image\" width=\"750\" height=\"911\" srcset=\"https:\/\/www.pawbilt.com\/wp-content\/uploads\/2025\/10\/pawbilt-4l-smart-automatic-pet-feeder-description-4.jpg 750w, https:\/\/www.pawbilt.com\/wp-content\/uploads\/2025\/10\/pawbilt-4l-smart-automatic-pet-feeder-description-4-247x300.jpg 247w, https:\/\/www.pawbilt.com\/wp-content\/uploads\/2025\/10\/pawbilt-4l-smart-automatic-pet-feeder-description-4-10x12.jpg 10w\" sizes=\"(max-width: 750px) 100vw, 750px\" \/><\/p>\n<p><img loading=\"lazy\" decoding=\"async\" class=\"alignnone size-full wp-image-20280\" src=\"https:\/\/www.pawbilt.com\/wp-content\/uploads\/2025\/10\/pawbilt-4l-smart-automatic-pet-feeder-description-5.jpg\" alt=\"Pawbilt 4L Smart Automatic Pet Feeder Image\" width=\"750\" height=\"1283\" srcset=\"https:\/\/www.pawbilt.com\/wp-content\/uploads\/2025\/10\/pawbilt-4l-smart-automatic-pet-feeder-description-5.jpg 750w, https:\/\/www.pawbilt.com\/wp-content\/uploads\/2025\/10\/pawbilt-4l-smart-automatic-pet-feeder-description-5-175x300.jpg 175w, https:\/\/www.pawbilt.com\/wp-content\/uploads\/2025\/10\/pawbilt-4l-smart-automatic-pet-feeder-description-5-701x1200.jpg 701w, https:\/\/www.pawbilt.com\/wp-content\/uploads\/2025\/10\/pawbilt-4l-smart-automatic-pet-feeder-description-5-7x12.jpg 7w\" sizes=\"(max-width: 750px) 100vw, 750px\" \/><\/p>\n<p><img loading=\"lazy\" decoding=\"async\" class=\"alignnone size-full wp-image-20281\" src=\"https:\/\/www.pawbilt.com\/wp-content\/uploads\/2025\/10\/pawbilt-4l-smart-automatic-pet-feeder-description-6.jpg\" alt=\"Pawbilt 4L Smart Automatic Pet Feeder Image\" width=\"750\" height=\"1230\" srcset=\"https:\/\/www.pawbilt.com\/wp-content\/uploads\/2025\/10\/pawbilt-4l-smart-automatic-pet-feeder-description-6.jpg 750w, https:\/\/www.pawbilt.com\/wp-content\/uploads\/2025\/10\/pawbilt-4l-smart-automatic-pet-feeder-description-6-183x300.jpg 183w, https:\/\/www.pawbilt.com\/wp-content\/uploads\/2025\/10\/pawbilt-4l-smart-automatic-pet-feeder-description-6-732x1200.jpg 732w, https:\/\/www.pawbilt.com\/wp-content\/uploads\/2025\/10\/pawbilt-4l-smart-automatic-pet-feeder-description-6-7x12.jpg 7w\" sizes=\"(max-width: 750px) 100vw, 750px\" \/><\/p>\n<p><img loading=\"lazy\" decoding=\"async\" class=\"alignnone size-full wp-image-20282\" src=\"https:\/\/www.pawbilt.com\/wp-content\/uploads\/2025\/10\/pawbilt-4l-smart-automatic-pet-feeder-description-7.jpg\" alt=\"Pawbilt 4L Smart Automatic Pet Feeder Image\" width=\"750\" height=\"1409\" srcset=\"https:\/\/www.pawbilt.com\/wp-content\/uploads\/2025\/10\/pawbilt-4l-smart-automatic-pet-feeder-description-7.jpg 750w, https:\/\/www.pawbilt.com\/wp-content\/uploads\/2025\/10\/pawbilt-4l-smart-automatic-pet-feeder-description-7-160x300.jpg 160w, https:\/\/www.pawbilt.com\/wp-content\/uploads\/2025\/10\/pawbilt-4l-smart-automatic-pet-feeder-description-7-639x1200.jpg 639w, https:\/\/www.pawbilt.com\/wp-content\/uploads\/2025\/10\/pawbilt-4l-smart-automatic-pet-feeder-description-7-6x12.jpg 6w\" sizes=\"(max-width: 750px) 100vw, 750px\" \/><\/p>\n<p><img loading=\"lazy\" decoding=\"async\" class=\"alignnone size-full wp-image-20283\" src=\"https:\/\/www.pawbilt.com\/wp-content\/uploads\/2025\/10\/pawbilt-4l-smart-automatic-pet-feeder-description-8.jpg\" alt=\"Pawbilt 4L Smart Automatic Pet Feeder Image\" width=\"750\" height=\"1163\" srcset=\"https:\/\/www.pawbilt.com\/wp-content\/uploads\/2025\/10\/pawbilt-4l-smart-automatic-pet-feeder-description-8.jpg 750w, https:\/\/www.pawbilt.com\/wp-content\/uploads\/2025\/10\/pawbilt-4l-smart-automatic-pet-feeder-description-8-193x300.jpg 193w, https:\/\/www.pawbilt.com\/wp-content\/uploads\/2025\/10\/pawbilt-4l-smart-automatic-pet-feeder-description-8-8x12.jpg 8w\" sizes=\"(max-width: 750px) 100vw, 750px\" \/><\/p>\n<p><img loading=\"lazy\" decoding=\"async\" class=\"alignnone size-full wp-image-20284\" src=\"https:\/\/www.pawbilt.com\/wp-content\/uploads\/2025\/10\/pawbilt-4l-smart-automatic-pet-feeder-description-9.jpg\" alt=\"Pawbilt 4L Smart Automatic Pet Feeder Image\" width=\"750\" height=\"1220\" srcset=\"https:\/\/www.pawbilt.com\/wp-content\/uploads\/2025\/10\/pawbilt-4l-smart-automatic-pet-feeder-description-9.jpg 750w, https:\/\/www.pawbilt.com\/wp-content\/uploads\/2025\/10\/pawbilt-4l-smart-automatic-pet-feeder-description-9-184x300.jpg 184w, https:\/\/www.pawbilt.com\/wp-content\/uploads\/2025\/10\/pawbilt-4l-smart-automatic-pet-feeder-description-9-738x1200.jpg 738w, https:\/\/www.pawbilt.com\/wp-content\/uploads\/2025\/10\/pawbilt-4l-smart-automatic-pet-feeder-description-9-7x12.jpg 7w\" sizes=\"(max-width: 750px) 100vw, 750px\" \/><\/p>\n<p><img loading=\"lazy\" decoding=\"async\" class=\"alignnone size-full wp-image-20285\" src=\"https:\/\/www.pawbilt.com\/wp-content\/uploads\/2025\/10\/pawbilt-4l-smart-automatic-pet-feeder-description-10.jpg\" alt=\"Pawbilt 4L Smart Automatic Pet Feeder Image\" width=\"750\" height=\"1072\" srcset=\"https:\/\/www.pawbilt.com\/wp-content\/uploads\/2025\/10\/pawbilt-4l-smart-automatic-pet-feeder-description-10.jpg 750w, https:\/\/www.pawbilt.com\/wp-content\/uploads\/2025\/10\/pawbilt-4l-smart-automatic-pet-feeder-description-10-210x300.jpg 210w, https:\/\/www.pawbilt.com\/wp-content\/uploads\/2025\/10\/pawbilt-4l-smart-automatic-pet-feeder-description-10-8x12.jpg 8w\" sizes=\"(max-width: 750px) 100vw, 750px\" \/><\/p>\n<p><img loading=\"lazy\" decoding=\"async\" class=\"alignnone size-full wp-image-20288\" src=\"https:\/\/www.pawbilt.com\/wp-content\/uploads\/2025\/10\/pawbilt-4l-smart-automatic-pet-feeder-description-11-2.jpg\" alt=\"Pawbilt 4L Smart Automatic Pet Feeder Image\" width=\"750\" height=\"896\" srcset=\"https:\/\/www.pawbilt.com\/wp-content\/uploads\/2025\/10\/pawbilt-4l-smart-automatic-pet-feeder-description-11-2.jpg 750w, https:\/\/www.pawbilt.com\/wp-content\/uploads\/2025\/10\/pawbilt-4l-smart-automatic-pet-feeder-description-11-2-251x300.jpg 251w, https:\/\/www.pawbilt.com\/wp-content\/uploads\/2025\/10\/pawbilt-4l-smart-automatic-pet-feeder-description-11-2-10x12.jpg 10w\" sizes=\"(max-width: 750px) 100vw, 750px\" \/><\/p>\n<p><img loading=\"lazy\" decoding=\"async\" class=\"alignnone size-full wp-image-20289\" src=\"https:\/\/www.pawbilt.com\/wp-content\/uploads\/2025\/10\/pawbilt-4l-smart-automatic-pet-feeder-description-12.jpg\" alt=\"Pawbilt 4L Smart Automatic Pet Feeder Image\" width=\"750\" height=\"1287\" srcset=\"https:\/\/www.pawbilt.com\/wp-content\/uploads\/2025\/10\/pawbilt-4l-smart-automatic-pet-feeder-description-12.jpg 750w, https:\/\/www.pawbilt.com\/wp-content\/uploads\/2025\/10\/pawbilt-4l-smart-automatic-pet-feeder-description-12-175x300.jpg 175w, https:\/\/www.pawbilt.com\/wp-content\/uploads\/2025\/10\/pawbilt-4l-smart-automatic-pet-feeder-description-12-699x1200.jpg 699w, https:\/\/www.pawbilt.com\/wp-content\/uploads\/2025\/10\/pawbilt-4l-smart-automatic-pet-feeder-description-12-7x12.jpg 7w\" sizes=\"(max-width: 750px) 100vw, 750px\" \/><\/p>\n<p>&nbsp;<\/p>\n<p>&nbsp;<\/p>\n<h2><strong>Sekce FAQ pro popis produktu<\/strong><strong>:<\/strong><\/h2>\n<p><strong>Ot\u00e1zka 1: \u010c\u00edm je automatick\u00e9 krm\u00edtko Pawbilt 4L Smart v\u00fdjime\u010dn\u00e9?<\/strong><\/p>\n<p><strong>A:<\/strong>\u00a0Nab\u00edz\u00ed kapacitu 4 l s inteligentn\u00edm pl\u00e1nov\u00e1n\u00edm pro v\u0161echna dom\u00e1c\u00ed zv\u00ed\u0159ata.<\/p>\n<p><strong>Ot\u00e1zka 2: Mohu nastavit pl\u00e1n krmen\u00ed na d\u00e1lku?<\/strong><\/p>\n<p><strong>A:<\/strong>\u00a0Ano, pomoc\u00ed aplikace m\u016f\u017eete kdykoli ovl\u00e1dat bez n\u00e1mahy.<\/p>\n<p><strong>Ot\u00e1zka 3: Kolik potravin se do n\u00ed vejde?<\/strong><\/p>\n<p><strong>A:<\/strong>\u00a0Nab\u00edz\u00ed prostornou kapacitu 4 l pro nep\u0159etr\u017eitou v\u00fd\u017eivu.<\/p>\n<p><strong>Ot\u00e1zka 4: Je vhodn\u00fd pro v\u00edce dom\u00e1c\u00edch zv\u00ed\u0159at?<\/strong><\/p>\n<p><strong>A:<\/strong>\u00a0Ano, je navr\u017eena tak, aby snadno zvl\u00e1dla dom\u00e1cnosti s v\u00edce zv\u00ed\u0159aty.<\/p>\n<p><strong>Ot\u00e1zka 5: Co kdy\u017e jsem p\u0159\u00edli\u0161 zanepr\u00e1zdn\u011bn, abych krmil ru\u010dn\u011b?<\/strong><\/p>\n<p><strong>A:<\/strong>\u00a0Inteligentn\u00ed pl\u00e1nov\u00e1n\u00ed eliminuje probl\u00e9my s ru\u010dn\u00edm pod\u00e1v\u00e1n\u00edm.<\/p>\n<p><strong>Ot\u00e1zka 6: Je tento produkt k dispozici pro velkoobchodn\u00ed prodej?<\/strong><\/p>\n<p><strong>A:<\/strong>\u00a0Ano, kontaktujte n\u00e1s ohledn\u011b velkoobchodn\u00edch mo\u017enost\u00ed<\/p>\n<p>&nbsp;<\/p>","protected":false},"excerpt":{"rendered":"<p><strong>Zlep\u0161ete p\u00e9\u010di o dom\u00e1c\u00ed mazl\u00ed\u010dky pomoc\u00ed chytr\u00fdch inovac\u00ed PAWBILT!<\/strong> Za\u017eijte snadn\u00e9 krmen\u00ed s chytr\u00fdm krm\u00edtkem PAWBILT 4L, kter\u00e9 je navr\u017eeno pro pl\u00e1nov\u00e1n\u00ed a kontrolu krmen\u00ed mal\u00fdch i velk\u00fdch dom\u00e1c\u00edch zv\u00ed\u0159at. Jeho prostorn\u00e1 kapacita 4 l zaji\u0161\u0165uje nep\u0159etr\u017eitou v\u00fd\u017eivu, co\u017e je ide\u00e1ln\u00ed pro zanepr\u00e1zdn\u011bn\u00e9 majitele nebo dom\u00e1cnosti s v\u00edce zv\u00ed\u0159aty.<\/p>\n<p>&nbsp;<\/p>\n<ul>\n<li><strong>Prostorn\u00e1 kapacita 4 l<\/strong>: Vhodn\u00e9 pro mal\u00e1 a\u017e velk\u00e1 zv\u00ed\u0159ata.<\/li>\n<li><strong>Chytr\u00e9 pl\u00e1nov\u00e1n\u00ed<\/strong>: P\u0159izp\u016fsobiteln\u00e9 \u010dasy krmen\u00ed.<\/li>\n<li><strong>Ovl\u00e1d\u00e1n\u00ed bez n\u00e1mahy<\/strong>: Zjednodu\u0161uje spr\u00e1vu j\u00eddla.<\/li>\n<li><strong>Vhodn\u00e9 pro v\u00edce zv\u00ed\u0159at<\/strong>: Snadno podporuje v\u00edce dom\u00e1c\u00edch zv\u00ed\u0159at.<\/li>\n<li><strong>Kontaktujte n\u00e1s pro velkoobchod<\/strong>: Hromadn\u00e9 objedn\u00e1vky<\/li>\n<\/ul>","protected":false},"featured_media":20270,"template":"","meta":[],"product_brand":[2141],"product_cat":[2111],"product_tag":[2123,2117,2124,2129,2132,2133,2126,2125,2116,2122],"class_list":{"0":"post-20269","1":"product","2":"type-product","3":"status-publish","4":"has-post-thumbnail","6":"product_brand-pawbilt","7":"product_cat-smart-automatic-cat-feeder-with-single-bowl","8":"product_tag-app-controlled-feeder","9":"product_tag-automatic-pet-feeder","10":"product_tag-automatic-portion-control","11":"product_tag-b2b-pet-products","12":"product_tag-ce-certified-pet-products","13":"product_tag-fcc-certified","14":"product_tag-food-grade-materials","15":"product_tag-low-noise-pump","16":"product_tag-smart-pet-feeder","17":"product_tag-wifi-pet-feeder","19":"first","20":"instock","21":"shipping-taxable","22":"product-type-simple"},"_links":{"self":[{"href":"https:\/\/www.pawbilt.com\/cs\/wp-json\/wp\/v2\/product\/20269","targetHints":{"allow":["GET"]}}],"collection":[{"href":"https:\/\/www.pawbilt.com\/cs\/wp-json\/wp\/v2\/product"}],"about":[{"href":"https:\/\/www.pawbilt.com\/cs\/wp-json\/wp\/v2\/types\/product"}],"wp:featuredmedia":[{"embeddable":true,"href":"https:\/\/www.pawbilt.com\/cs\/wp-json\/wp\/v2\/media\/20270"}],"wp:attachment":[{"href":"https:\/\/www.pawbilt.com\/cs\/wp-json\/wp\/v2\/media?parent=20269"}],"wp:term":[{"taxonomy":"product_brand","embeddable":true,"href":"https:\/\/www.pawbilt.com\/cs\/wp-json\/wp\/v2\/product_brand?post=20269"},{"taxonomy":"product_cat","embeddable":true,"href":"https:\/\/www.pawbilt.com\/cs\/wp-json\/wp\/v2\/product_cat?post=20269"},{"taxonomy":"product_tag","embeddable":true,"href":"https:\/\/www.pawbilt.com\/cs\/wp-json\/wp\/v2\/product_tag?post=20269"}],"curies":[{"name":"wp","href":"https:\/\/api.w.org\/{rel}","templated":true}]}}