{"id":778,"date":"2025-02-01T03:36:19","date_gmt":"2025-02-01T03:36:19","guid":{"rendered":"https:\/\/www.pawbilt.com\/?page_id=778"},"modified":"2025-10-24T16:28:15","modified_gmt":"2025-10-24T08:28:15","slug":"contact-pawbilt","status":"publish","type":"page","link":"https:\/\/www.pawbilt.com\/de\/contact-pawbilt\/","title":{"rendered":"Kontakt"},"content":{"rendered":"<div data-elementor-type=\"wp-page\" data-elementor-id=\"778\" class=\"elementor elementor-778\" data-elementor-post-type=\"page\">\n\t\t\t\t<div class=\"elementor-element elementor-element-8232ab7 e-flex e-con-boxed e-con e-parent\" data-id=\"8232ab7\" data-element_type=\"container\" data-settings=\"{&quot;background_background&quot;:&quot;classic&quot;,&quot;ekit_has_onepagescroll_dot&quot;:&quot;yes&quot;}\">\n\t\t\t\t\t<div class=\"e-con-inner\">\n\t\t\t\t<div class=\"elementor-element elementor-element-61ef9f6 elementor-widget elementor-widget-heading\" data-id=\"61ef9f6\" data-element_type=\"widget\" data-settings=\"{&quot;ekit_we_effect_on&quot;:&quot;none&quot;}\" data-widget_type=\"heading.default\">\n\t\t\t\t<div class=\"elementor-widget-container\">\n\t\t\t\t\t<h1 class=\"elementor-heading-title elementor-size-default\">Kontakt<\/h1>\t\t\t\t<\/div>\n\t\t\t\t<\/div>\n\t\t\t\t<div class=\"elementor-element elementor-element-b9e512e elementor-widget elementor-widget-text-editor\" data-id=\"b9e512e\" data-element_type=\"widget\" data-settings=\"{&quot;ekit_we_effect_on&quot;:&quot;none&quot;}\" data-widget_type=\"text-editor.default\">\n\t\t\t\t<div class=\"elementor-widget-container\">\n\t\t\t\t\t\t\t\t\t<p><em>Ihr Partner f\u00fcr die Herstellung intelligenter Heimtierprodukte und B2B-L\u00f6sungen.<\/em><\/p>\t\t\t\t\t\t\t\t<\/div>\n\t\t\t\t<\/div>\n\t\t\t\t\t<\/div>\n\t\t\t\t<\/div>\n\t\t<div class=\"elementor-element elementor-element-9ce0106 e-flex e-con-boxed e-con e-parent\" data-id=\"9ce0106\" data-element_type=\"container\" data-settings=\"{&quot;ekit_has_onepagescroll_dot&quot;:&quot;yes&quot;}\">\n\t\t\t\t\t<div class=\"e-con-inner\">\n\t\t\t\t<div class=\"elementor-element elementor-element-c642069 elementor-widget__width-initial elementor-widget elementor-widget-text-editor\" data-id=\"c642069\" data-element_type=\"widget\" data-settings=\"{&quot;ekit_we_effect_on&quot;:&quot;none&quot;}\" data-widget_type=\"text-editor.default\">\n\t\t\t\t<div class=\"elementor-widget-container\">\n\t\t\t\t\t\t\t\t\t<h2 class=\"ds-markdown-paragraph\"><strong>Kontaktieren Sie PAWBILT f\u00fcr OEM Smart Pet Product L\u00f6sungen<\/strong><\/h2><p class=\"ds-markdown-paragraph\"><strong>Fordern Sie noch heute Ihr individuelles Angebot an<\/strong><\/p><p class=\"ds-markdown-paragraph\">Sind Sie bereit, Ihr n\u00e4chstes Projekt f\u00fcr intelligente Haustierprodukte zu starten?\u00a0<strong>Kontakt\u00a0<\/strong><a href=\"https:\/\/www.pawbilt.com\/de\/about-pawbilt\/\" target=\"_blank\" rel=\"noopener\">PAWBILT<\/a>\u00a0um Ihre OEM- oder ODM-Anforderungen f\u00fcr innovative Futter- und Wasserspiele zu besprechen. Als f\u00fchrender Hersteller mit mehr als 13 Jahren Erfahrung machen wir es Ihnen leicht\u00a0<strong>PAWBILT-Angebot einholen<\/strong>\u00a0und beginnen unsere partnerschaftliche Reise.<\/p><p class=\"ds-markdown-paragraph\"><strong>Warum sollten Sie PAWBILT f\u00fcr Ihre Produktionsbed\u00fcrfnisse kontaktieren?<\/strong><\/p><p class=\"ds-markdown-paragraph\">Wenn Sie\u00a0<strong>PAWBILT kontaktieren<\/strong>Wenn Sie mit uns zusammenarbeiten, haben Sie mehr als nur einen Zulieferer - Sie haben Zugang zu einer kompletten Fertigungsl\u00f6sung. Unsere hochmoderne Produktionsst\u00e4tte in Shenzhen ist so ausgestattet, dass sie alles vom ersten Konzept bis zur Massenproduktion abwickeln kann. Wir wissen, dass jedes\u00a0<strong>PAWBILT OEM-Anfrage<\/strong>\u00a0ist einzigartig. Deshalb stellen wir Ihnen einen engagierten Projektmanager zur Seite, der Sie durch jeden Schritt des Prozesses begleitet. Ganz gleich, ob Sie intelligente Futterautomaten mit fortschrittlicher Portionskontrolle oder zirkulierende Wasserbrunnen mit mehrstufiger Filterung ben\u00f6tigen, unser Team verf\u00fcgt \u00fcber das Fachwissen, um Ihre Visionen zu verwirklichen.<\/p><p class=\"ds-markdown-paragraph\"><strong>Unsere globalen Produktionskapazit\u00e4ten<\/strong><\/p><p class=\"ds-markdown-paragraph\"><strong>PAWBILT<\/strong> hat vertrauensvolle Partnerschaften in ganz Europa, Nordamerika, Asien und Afrika aufgebaut. Mit Zertifizierungen von CE, RoHS und FCC stellen wir sicher, dass jedes Produkt die h\u00f6chsten internationalen Standards erf\u00fcllt. Unsere flexible Produktionskapazit\u00e4t \u00fcbersteigt 5 Millionen Einheiten pro Jahr, mit Lieferfristen von nur 15 Tagen. Wenn Sie\u00a0<strong>PAWBILT f\u00fcr ein Angebot kontaktieren<\/strong>nutzen Sie dieses umfassende globale Netzwerk und die hervorragende Qualit\u00e4t der Produktion.<\/p><p class=\"ds-markdown-paragraph\"><strong>Umfassende OEM\/ODM-Dienste<\/strong><\/p><p class=\"ds-markdown-paragraph\">Unter Ber\u00fccksichtigung von\u00a0<strong>PAWBILT f\u00fcr OEM-Partnerschaft<\/strong>\u00a0bedeutet, dass Sie Zugang zu unserem gesamten Dienstleistungsangebot haben:<\/p><ul><li><p class=\"ds-markdown-paragraph\">Kundenspezifisches Produktdesign und Technik<\/p><\/li><li><p class=\"ds-markdown-paragraph\">3D-Modellierung und Prototyping<\/p><\/li><li><p class=\"ds-markdown-paragraph\">Materialauswahl und -beschaffung<\/p><\/li><li><p class=\"ds-markdown-paragraph\">Qualit\u00e4tssicherung und Pr\u00fcfung<\/p><\/li><li><p class=\"ds-markdown-paragraph\">Verpackungsdesign und Branding<\/p><\/li><li><p class=\"ds-markdown-paragraph\">Koordinierung von Logistik und Versand<\/p><\/li><\/ul><p class=\"ds-markdown-paragraph\">Unser Team wird eng mit Ihnen zusammenarbeiten, um Ihre spezifischen Marktbed\u00fcrfnisse und Ihre Markenidentit\u00e4t zu verstehen und sicherzustellen, dass das Endprodukt perfekt auf Ihre Unternehmensziele abgestimmt ist.<\/p><p class=\"ds-markdown-paragraph\"><strong>Wie Sie PAWBILT kontaktieren und was Sie erwarten k\u00f6nnen<\/strong><\/p><p class=\"ds-markdown-paragraph\"><strong>PAWBILT kontaktieren<\/strong>\u00a0ist ganz einfach. F\u00fcllen Sie einfach das untenstehende Formular mit Ihren Projektdetails aus, und unser engagiertes Team wird Ihnen innerhalb von 24 Stunden antworten. Wir empfehlen die Angabe:<\/p><ul><li><p class=\"ds-markdown-paragraph\">Ihre Zielproduktspezifikationen<\/p><\/li><li><p class=\"ds-markdown-paragraph\">Gew\u00fcnschte Mengen<\/p><\/li><li><p class=\"ds-markdown-paragraph\">Anforderungen an den Zeitplan<\/p><\/li><li><p class=\"ds-markdown-paragraph\">Jede Zertifizierung erfordert<\/p><\/li><\/ul><p class=\"ds-markdown-paragraph\">Nachdem Sie\u00a0<strong>PAWBILT kontaktieren<\/strong>k\u00f6nnen Sie erwarten:<\/p><ol start=\"1\"><li><p class=\"ds-markdown-paragraph\">Eine erste Beratung innerhalb von 24 Stunden<\/p><\/li><li><p class=\"ds-markdown-paragraph\">Eine detaillierte Projektbewertung und ein Zeitplan<\/p><\/li><li><p class=\"ds-markdown-paragraph\">Eine umfassende\u00a0<strong>PAWBILT Zitat<\/strong>\u00a0auf Ihre Bed\u00fcrfnisse zugeschnitten<\/p><\/li><li><p class=\"ds-markdown-paragraph\">Kontinuierliche Unterst\u00fctzung w\u00e4hrend unserer Partnerschaft<\/p><\/li><\/ol><p class=\"ds-markdown-paragraph\"><strong>Beginnen Sie Ihre Partnerschaft mit PAWBILT noch heute<\/strong><\/p><p class=\"ds-markdown-paragraph\">Schlie\u00dfen Sie sich den \u00fcber 3.000 zufriedenen Kunden an, die sich f\u00fcr\u00a0<strong>PAWBILT<\/strong>\u00a0als ihren Produktionspartner. Z\u00f6gern Sie nicht\u00a0<strong>PAWBILT kontaktieren<\/strong>\u00a0und besprechen Sie mit uns, wie wir Sie mit innovativen L\u00f6sungen, wettbewerbsf\u00e4higen Preisen und zuverl\u00e4ssigem Fertigungs-Know-how beim Ausbau Ihres Smart Pet-Gesch\u00e4fts unterst\u00fctzen k\u00f6nnen. Unser Team ist bereit, Sie bei Ihren\u00a0<strong>PAWBILT OEM-Anfrage<\/strong>\u00a0und bieten Ihnen die professionelle Partnerschaftserfahrung, die Sie verdienen.<\/p>\t\t\t\t\t\t\t\t<\/div>\n\t\t\t\t<\/div>\n\t\t<div class=\"elementor-element elementor-element-88622f3 e-con-full e-flex e-con e-child\" data-id=\"88622f3\" data-element_type=\"container\" data-settings=\"{&quot;ekit_has_onepagescroll_dot&quot;:&quot;yes&quot;}\">\n\t\t<div class=\"elementor-element elementor-element-4cf1f47 e-con-full e-flex e-con e-child\" data-id=\"4cf1f47\" data-element_type=\"container\" data-settings=\"{&quot;ekit_has_onepagescroll_dot&quot;:&quot;yes&quot;}\">\n\t\t\t\t<div class=\"elementor-element elementor-element-13370c8 elementor-widget elementor-widget-heading\" data-id=\"13370c8\" data-element_type=\"widget\" data-settings=\"{&quot;ekit_we_effect_on&quot;:&quot;none&quot;}\" data-widget_type=\"heading.default\">\n\t\t\t\t<div class=\"elementor-widget-container\">\n\t\t\t\t\t<h3 class=\"elementor-heading-title elementor-size-default\">Ma\u00dfgeschneidertes Angebot einholen<\/h3>\t\t\t\t<\/div>\n\t\t\t\t<\/div>\n\t\t\t\t<div class=\"elementor-element elementor-element-8c296ba elementor-button-align-start elementor-widget elementor-widget-form\" data-id=\"8c296ba\" data-element_type=\"widget\" data-settings=\"{&quot;step_next_label&quot;:&quot;Next&quot;,&quot;step_previous_label&quot;:&quot;Previous&quot;,&quot;button_width&quot;:&quot;100&quot;,&quot;step_type&quot;:&quot;number_text&quot;,&quot;step_icon_shape&quot;:&quot;circle&quot;,&quot;ekit_we_effect_on&quot;:&quot;none&quot;}\" data-widget_type=\"form.default\">\n\t\t\t\t<div class=\"elementor-widget-container\">\n\t\t\t\t\t\t\t<form class=\"elementor-form\" method=\"post\" name=\"New Form\" aria-label=\"Neue Form\" action=\"\">\n\t\t\t<input type=\"hidden\" name=\"post_id\" value=\"778\"\/>\n\t\t\t<input type=\"hidden\" name=\"form_id\" value=\"8c296ba\"\/>\n\t\t\t<input type=\"hidden\" name=\"referer_title\" value=\"Contact PAWBILT | Get Your Proven OEM Quote in 24 Hours\" \/>\n\n\t\t\t\t\t\t\t<input type=\"hidden\" name=\"queried_id\" value=\"778\"\/>\n\t\t\t\n\t\t\t<div class=\"elementor-form-fields-wrapper elementor-labels-above\">\n\t\t\t\t\t\t\t\t<div class=\"elementor-field-type-text elementor-field-group elementor-column elementor-field-group-name elementor-col-100 elementor-field-required elementor-mark-required\">\n\t\t\t\t\t\t\t\t\t\t\t\t<label for=\"form-field-name\" class=\"elementor-field-label\">\n\t\t\t\t\t\t\t\tName\t\t\t\t\t\t\t<\/label>\n\t\t\t\t\t\t\t\t\t\t\t\t\t\t<input size=\"1\" type=\"text\" name=\"form_fields[name]\" id=\"form-field-name\" class=\"elementor-field elementor-size-sm  elementor-field-textual\" placeholder=\"Name\" required=\"required\">\n\t\t\t\t\t\t\t\t\t\t\t<\/div>\n\t\t\t\t\t\t\t\t<div class=\"elementor-field-type-email elementor-field-group elementor-column elementor-field-group-email elementor-col-100 elementor-field-required elementor-mark-required\">\n\t\t\t\t\t\t\t\t\t\t\t\t<label for=\"form-field-email\" class=\"elementor-field-label\">\n\t\t\t\t\t\t\t\tE-Mail\t\t\t\t\t\t\t<\/label>\n\t\t\t\t\t\t\t\t\t\t\t\t\t\t<input size=\"1\" type=\"email\" name=\"form_fields[email]\" id=\"form-field-email\" class=\"elementor-field elementor-size-sm  elementor-field-textual\" placeholder=\"E-Mail\" required=\"required\">\n\t\t\t\t\t\t\t\t\t\t\t<\/div>\n\t\t\t\t\t\t\t\t<div class=\"elementor-field-type-tel elementor-field-group elementor-column elementor-field-group-field_ddb4dc8 elementor-col-100\">\n\t\t\t\t\t\t\t\t\t\t\t\t<label for=\"form-field-field_ddb4dc8\" class=\"elementor-field-label\">\n\t\t\t\t\t\t\t\tTelefon\t\t\t\t\t\t\t<\/label>\n\t\t\t\t\t\t\t\t<input size=\"1\" type=\"tel\" name=\"form_fields[field_ddb4dc8]\" id=\"form-field-field_ddb4dc8\" class=\"elementor-field elementor-size-sm  elementor-field-textual\" placeholder=\"Telefon\" pattern=\"[0-9()#&amp;+*-=.]+\" title=\"\uc22b\uc790\uc640 \uc804\ud654 \ubb38\uc790(#, -, * \ub4f1)\ub9cc \ud5c8\uc6a9\ub429\ub2c8\ub2e4.\" data-no-translation-title=\"\">\n\n\t\t\t\t\t\t<\/div>\n\t\t\t\t\t\t\t\t<div class=\"elementor-field-type-textarea elementor-field-group elementor-column elementor-field-group-message elementor-col-100 elementor-field-required elementor-mark-required\">\n\t\t\t\t\t\t\t\t\t\t\t\t<label for=\"form-field-message\" class=\"elementor-field-label\">\n\t\t\t\t\t\t\t\tNachricht\t\t\t\t\t\t\t<\/label>\n\t\t\t\t\t\t<textarea class=\"elementor-field-textual elementor-field  elementor-size-sm\" name=\"form_fields[message]\" id=\"form-field-message\" rows=\"4\" placeholder=\"Nachricht\" required=\"required\"><\/textarea>\t\t\t\t<\/div>\n\t\t\t\t\t\t\t\t<div class=\"elementor-field-type-recaptcha elementor-field-group elementor-column elementor-field-group-field_51c0858 elementor-col-100\">\n\t\t\t\t\t<div class=\"elementor-field\" id=\"form-field-field_51c0858\"><div class=\"elementor-g-recaptcha\" data-sitekey=\"6LdlAoorAAAAAHvbLo7rcpRW2tEeiFxJNi8x4Ax8\" data-type=\"v2_checkbox\" data-theme=\"light\" data-size=\"normal\"><\/div><\/div>\t\t\t\t<\/div>\n\t\t\t\t\t\t\t\t<div class=\"elementor-field-group elementor-column elementor-field-type-submit elementor-col-100 e-form__buttons\">\n\t\t\t\t\t<button class=\"elementor-button elementor-size-sm\" type=\"submit\">\n\t\t\t\t\t\t<span class=\"elementor-button-content-wrapper\">\n\t\t\t\t\t\t\t\t\t\t\t\t\t\t\t<span class=\"elementor-button-icon\">\n\t\t\t\t\t\t\t\t\t<svg aria-hidden=\"true\" class=\"e-font-icon-svg e-fas-edit\" viewbox=\"0 0 576 512\" xmlns=\"http:\/\/www.w3.org\/2000\/svg\"><path d=\"M402.6 83.2l90.2 90.2c3.8 3.8 3.8 10 0 13.8L274.4 405.6l-92.8 10.3c-12.4 1.4-22.9-9.1-21.5-21.5l10.3-92.8L388.8 83.2c3.8-3.8 10-3.8 13.8 0zm162-22.9l-48.8-48.8c-15.2-15.2-39.9-15.2-55.2 0l-35.4 35.4c-3.8 3.8-3.8 10 0 13.8l90.2 90.2c3.8 3.8 10 3.8 13.8 0l35.4-35.4c15.2-15.3 15.2-40 0-55.2zM384 346.2V448H64V128h229.8c3.2 0 6.2-1.3 8.5-3.5l40-40c7.6-7.6 2.2-20.5-8.5-20.5H48C21.5 64 0 85.5 0 112v352c0 26.5 21.5 48 48 48h352c26.5 0 48-21.5 48-48V306.2c0-10.7-12.9-16-20.5-8.5l-40 40c-2.2 2.3-3.5 5.3-3.5 8.5z\"><\/path><\/svg>\t\t\t\t\t\t\t\t\t\t\t\t\t\t\t\t\t<\/span>\n\t\t\t\t\t\t\t\t\t\t\t\t\t\t\t\t\t\t\t\t\t\t<span class=\"elementor-button-text\">Einreichen<\/span>\n\t\t\t\t\t\t\t\t\t\t\t\t\t<\/span>\n\t\t\t\t\t<\/button>\n\t\t\t\t<\/div>\n\t\t\t<\/div>\n\t\t<input type=\"hidden\" name=\"trp-form-language\" value=\"de\"\/><\/form>\n\t\t\t\t\t\t<\/div>\n\t\t\t\t<\/div>\n\t\t\t\t<\/div>\n\t\t\t\t<\/div>\n\t\t\t\t\t<\/div>\n\t\t\t\t<\/div>\n\t\t<div class=\"elementor-element elementor-element-6e13ef4 animated-slow e-flex e-con-boxed elementor-invisible e-con e-parent\" data-id=\"6e13ef4\" data-element_type=\"container\" data-settings=\"{&quot;animation&quot;:&quot;fadeIn&quot;,&quot;ekit_has_onepagescroll_dot&quot;:&quot;yes&quot;}\">\n\t\t\t\t\t<div class=\"e-con-inner\">\n\t\t\t\t<div class=\"elementor-element elementor-element-da8f7e1 elementor-widget elementor-widget-heading\" data-id=\"da8f7e1\" data-element_type=\"widget\" data-settings=\"{&quot;ekit_we_effect_on&quot;:&quot;none&quot;}\" data-widget_type=\"heading.default\">\n\t\t\t\t<div class=\"elementor-widget-container\">\n\t\t\t\t\t<h2 class=\"elementor-heading-title elementor-size-default\">Kontakt aufnehmen<\/h2>\t\t\t\t<\/div>\n\t\t\t\t<\/div>\n\t\t\t\t<div class=\"elementor-element elementor-element-bdf8241 elementor-widget-divider--view-line elementor-widget elementor-widget-divider\" data-id=\"bdf8241\" data-element_type=\"widget\" data-settings=\"{&quot;ekit_we_effect_on&quot;:&quot;none&quot;}\" data-widget_type=\"divider.default\">\n\t\t\t\t<div class=\"elementor-widget-container\">\n\t\t\t\t\t\t\t<div class=\"elementor-divider\">\n\t\t\t<span class=\"elementor-divider-separator\">\n\t\t\t\t\t\t<\/span>\n\t\t<\/div>\n\t\t\t\t\t\t<\/div>\n\t\t\t\t<\/div>\n\t\t<div class=\"elementor-element elementor-element-0666a71 e-flex e-con-boxed e-con e-child\" data-id=\"0666a71\" data-element_type=\"container\" data-settings=\"{&quot;ekit_has_onepagescroll_dot&quot;:&quot;yes&quot;}\">\n\t\t\t\t\t<div class=\"e-con-inner\">\n\t\t<div class=\"elementor-element elementor-element-1935692 e-con-full e-flex e-con e-child\" data-id=\"1935692\" data-element_type=\"container\" data-settings=\"{&quot;ekit_has_onepagescroll_dot&quot;:&quot;yes&quot;}\">\n\t\t\t\t<div class=\"elementor-element elementor-element-73047b6 elementor-widget elementor-widget-heading\" data-id=\"73047b6\" data-element_type=\"widget\" data-settings=\"{&quot;ekit_we_effect_on&quot;:&quot;none&quot;}\" data-widget_type=\"heading.default\">\n\t\t\t\t<div class=\"elementor-widget-container\">\n\t\t\t\t\t<h2 class=\"elementor-heading-title elementor-size-default\">Telefonnummern<\/h2>\t\t\t\t<\/div>\n\t\t\t\t<\/div>\n\t\t\t\t<div class=\"elementor-element elementor-element-7ee357a elementor-view-default elementor-widget elementor-widget-icon\" data-id=\"7ee357a\" data-element_type=\"widget\" data-settings=\"{&quot;ekit_we_effect_on&quot;:&quot;none&quot;}\" data-widget_type=\"icon.default\">\n\t\t\t\t<div class=\"elementor-widget-container\">\n\t\t\t\t\t\t\t<div class=\"elementor-icon-wrapper\">\n\t\t\t<div class=\"elementor-icon\">\n\t\t\t<svg aria-hidden=\"true\" class=\"e-font-icon-svg e-fas-phone\" viewbox=\"0 0 512 512\" xmlns=\"http:\/\/www.w3.org\/2000\/svg\"><path d=\"M493.4 24.6l-104-24c-11.3-2.6-22.9 3.3-27.5 13.9l-48 112c-4.2 9.8-1.4 21.3 6.9 28l60.6 49.6c-36 76.7-98.9 140.5-177.2 177.2l-49.6-60.6c-6.8-8.3-18.2-11.1-28-6.9l-112 48C3.9 366.5-2 378.1.6 389.4l24 104C27.1 504.2 36.7 512 48 512c256.1 0 464-207.5 464-464 0-11.2-7.7-20.9-18.6-23.4z\"><\/path><\/svg>\t\t\t<\/div>\n\t\t<\/div>\n\t\t\t\t\t\t<\/div>\n\t\t\t\t<\/div>\n\t\t\t\t<div class=\"elementor-element elementor-element-ee8817b elementor-widget elementor-widget-text-editor\" data-id=\"ee8817b\" data-element_type=\"widget\" data-settings=\"{&quot;ekit_we_effect_on&quot;:&quot;none&quot;}\" data-widget_type=\"text-editor.default\">\n\t\t\t\t<div class=\"elementor-widget-container\">\n\t\t\t\t\t\t\t\t\t<p>86-158-9978-9291<\/p>\t\t\t\t\t\t\t\t<\/div>\n\t\t\t\t<\/div>\n\t\t\t\t<\/div>\n\t\t<div class=\"elementor-element elementor-element-e3c4393 e-con-full e-flex e-con e-child\" data-id=\"e3c4393\" data-element_type=\"container\" data-settings=\"{&quot;ekit_has_onepagescroll_dot&quot;:&quot;yes&quot;}\">\n\t\t\t\t<div class=\"elementor-element elementor-element-1f08403 elementor-widget elementor-widget-heading\" data-id=\"1f08403\" data-element_type=\"widget\" data-settings=\"{&quot;ekit_we_effect_on&quot;:&quot;none&quot;}\" data-widget_type=\"heading.default\">\n\t\t\t\t<div class=\"elementor-widget-container\">\n\t\t\t\t\t<h2 class=\"elementor-heading-title elementor-size-default\">E-Mail<\/h2>\t\t\t\t<\/div>\n\t\t\t\t<\/div>\n\t\t\t\t<div class=\"elementor-element elementor-element-d594cc5 elementor-view-default elementor-widget elementor-widget-icon\" data-id=\"d594cc5\" data-element_type=\"widget\" data-settings=\"{&quot;ekit_we_effect_on&quot;:&quot;none&quot;}\" data-widget_type=\"icon.default\">\n\t\t\t\t<div class=\"elementor-widget-container\">\n\t\t\t\t\t\t\t<div class=\"elementor-icon-wrapper\">\n\t\t\t<div class=\"elementor-icon\">\n\t\t\t<i aria-hidden=\"true\" class=\"icon icon-mail\"><\/i>\t\t\t<\/div>\n\t\t<\/div>\n\t\t\t\t\t\t<\/div>\n\t\t\t\t<\/div>\n\t\t\t\t<div class=\"elementor-element elementor-element-144e25b elementor-widget elementor-widget-text-editor\" data-id=\"144e25b\" data-element_type=\"widget\" data-settings=\"{&quot;ekit_we_effect_on&quot;:&quot;none&quot;}\" data-widget_type=\"text-editor.default\">\n\t\t\t\t<div class=\"elementor-widget-container\">\n\t\t\t\t\t\t\t\t\t<p>hello@pawbilt.com<\/p>\t\t\t\t\t\t\t\t<\/div>\n\t\t\t\t<\/div>\n\t\t\t\t<\/div>\n\t\t<div class=\"elementor-element elementor-element-602c0b6 e-con-full e-flex e-con e-child\" data-id=\"602c0b6\" data-element_type=\"container\" data-settings=\"{&quot;ekit_has_onepagescroll_dot&quot;:&quot;yes&quot;}\">\n\t\t\t\t<div class=\"elementor-element elementor-element-f44128f elementor-widget elementor-widget-heading\" data-id=\"f44128f\" data-element_type=\"widget\" data-settings=\"{&quot;ekit_we_effect_on&quot;:&quot;none&quot;}\" data-widget_type=\"heading.default\">\n\t\t\t\t<div class=\"elementor-widget-container\">\n\t\t\t\t\t<h2 class=\"elementor-heading-title elementor-size-default\">Arbeitszeiten (UTC +8)<\/h2>\t\t\t\t<\/div>\n\t\t\t\t<\/div>\n\t\t\t\t<div class=\"elementor-element elementor-element-2ba9e77 elementor-view-default elementor-widget elementor-widget-icon\" data-id=\"2ba9e77\" data-element_type=\"widget\" data-settings=\"{&quot;ekit_we_effect_on&quot;:&quot;none&quot;}\" data-widget_type=\"icon.default\">\n\t\t\t\t<div class=\"elementor-widget-container\">\n\t\t\t\t\t\t\t<div class=\"elementor-icon-wrapper\">\n\t\t\t<div class=\"elementor-icon\">\n\t\t\t<i aria-hidden=\"true\" class=\"icon icon-timing\"><\/i>\t\t\t<\/div>\n\t\t<\/div>\n\t\t\t\t\t\t<\/div>\n\t\t\t\t<\/div>\n\t\t\t\t<div class=\"elementor-element elementor-element-d663b21 elementor-widget elementor-widget-text-editor\" data-id=\"d663b21\" data-element_type=\"widget\" data-settings=\"{&quot;ekit_we_effect_on&quot;:&quot;none&quot;}\" data-widget_type=\"text-editor.default\">\n\t\t\t\t<div class=\"elementor-widget-container\">\n\t\t\t\t\t\t\t\t\t<p>Mo-Fr 9:00 - 18:00 Uhr<br>Sa-So 10:00AM - 6:00PM<\/p>\t\t\t\t\t\t\t\t<\/div>\n\t\t\t\t<\/div>\n\t\t\t\t<\/div>\n\t\t\t\t\t<\/div>\n\t\t\t\t<\/div>\n\t\t\t\t\t<\/div>\n\t\t\t\t<\/div>\n\t\t<div class=\"elementor-element elementor-element-3d648b2 e-con-full e-flex e-con e-parent\" data-id=\"3d648b2\" data-element_type=\"container\" data-settings=\"{&quot;ekit_has_onepagescroll_dot&quot;:&quot;yes&quot;}\">\n\t\t\t\t<div class=\"elementor-element elementor-element-a7d17c1 elementor-widget elementor-widget-google_maps\" data-id=\"a7d17c1\" data-element_type=\"widget\" data-settings=\"{&quot;ekit_we_effect_on&quot;:&quot;none&quot;}\" data-widget_type=\"google_maps.default\">\n\t\t\t\t<div class=\"elementor-widget-container\">\n\t\t\t\t\t\t\t<div class=\"elementor-custom-embed\">\n\t\t\t<iframe loading=\"lazy\"\n\t\t\t\t\tsrc=\"https:\/\/maps.google.com\/maps?q=Shenzhen%2CChina&#038;t=m&#038;z=15&#038;output=embed&#038;iwloc=near\"\n\t\t\t\t\ttitle=\"Shenzhen, China\"\n\t\t\t\t\taria-label=\"Shenzhen, China\"\n\t\t\t><\/iframe>\n\t\t<\/div>\n\t\t\t\t\t\t<\/div>\n\t\t\t\t<\/div>\n\t\t\t\t<\/div>\n\t\t\t\t<\/div>","protected":false},"excerpt":{"rendered":"<p>Contact us Your partner for smart pet product manufacturing and B2B solutions. Contact PAWBILT for OEM Smart Pet Product Solutions Get Your Custom Quote Today Ready to start your next smart pet product project?\u00a0Contact\u00a0PAWBILT\u00a0now to discuss your OEM or ODM requirements for innovative pet feeders and water fountains. As a leading manufacturer with 13+ years [&hellip;]<\/p>","protected":false},"author":1,"featured_media":0,"parent":0,"menu_order":0,"comment_status":"closed","ping_status":"closed","template":"","meta":{"footnotes":""},"class_list":["post-778","page","type-page","status-publish","hentry"],"_links":{"self":[{"href":"https:\/\/www.pawbilt.com\/de\/wp-json\/wp\/v2\/pages\/778","targetHints":{"allow":["GET"]}}],"collection":[{"href":"https:\/\/www.pawbilt.com\/de\/wp-json\/wp\/v2\/pages"}],"about":[{"href":"https:\/\/www.pawbilt.com\/de\/wp-json\/wp\/v2\/types\/page"}],"author":[{"embeddable":true,"href":"https:\/\/www.pawbilt.com\/de\/wp-json\/wp\/v2\/users\/1"}],"replies":[{"embeddable":true,"href":"https:\/\/www.pawbilt.com\/de\/wp-json\/wp\/v2\/comments?post=778"}],"version-history":[{"count":104,"href":"https:\/\/www.pawbilt.com\/de\/wp-json\/wp\/v2\/pages\/778\/revisions"}],"predecessor-version":[{"id":21521,"href":"https:\/\/www.pawbilt.com\/de\/wp-json\/wp\/v2\/pages\/778\/revisions\/21521"}],"wp:attachment":[{"href":"https:\/\/www.pawbilt.com\/de\/wp-json\/wp\/v2\/media?parent=778"}],"curies":[{"name":"wp","href":"https:\/\/api.w.org\/{rel}","templated":true}]}}