{"id":20269,"date":"2025-10-14T09:44:27","date_gmt":"2025-10-14T01:44:27","guid":{"rendered":"https:\/\/www.pawbilt.com\/?post_type=product&#038;p=20269"},"modified":"2025-10-22T20:34:01","modified_gmt":"2025-10-22T12:34:01","slug":"4l-pet-feeder-with-camera","status":"publish","type":"product","link":"https:\/\/www.pawbilt.com\/de\/produkt\/4l-pet-feeder-with-camera\/","title":{"rendered":"Tierfutterautomat mit Kamera | Advanced 4L Automatic Design | PAWBILT"},"content":{"rendered":"<h2 class=\"ds-markdown-paragraph\"><strong>Entdecken Sie den PAWBILIT Smart Pet Feeder mit Kamera: Intelligente F\u00fctterung &amp; \u00dcberwachung<\/strong><\/h2>\n<p class=\"ds-markdown-paragraph\">Treffen Sie den revolution\u00e4ren\u00a0<strong>PAWBILT Smart Pet Feeder mit Kamera<\/strong>\u00a0- Ihre All-in-One-L\u00f6sung f\u00fcr die automatische F\u00fctterung und Echtzeit\u00fcberwachung von Haustieren. Diese fortschrittliche\u00a0<strong>Haustierf\u00fctterung mit Kamera<\/strong>\u00a0kombiniert ein gro\u00dfz\u00fcgiges Fassungsverm\u00f6gen von 4 Litern mit intelligenten Zeitplanungsfunktionen und ist damit perfekt f\u00fcr Haushalte mit mehreren Haustieren und vielbesch\u00e4ftigte Tierhalter geeignet. Mit der integrierten HD-Kamera k\u00f6nnen Sie Ihre Haustiere w\u00e4hrend der Mahlzeit beobachten, w\u00e4hrend die intelligente Technologie daf\u00fcr sorgt, dass sie genaue Portionen nach Ihrem individuellen Zeitplan erhalten.<\/p>\n<p class=\"ds-markdown-paragraph\"><strong>Erweiterte Funktionen f\u00fcr absolute Sorgenfreiheit<\/strong><br \/>\nErleben Sie den ultimativen Komfort mit diesem innovativen\u00a0<strong>Haustierf\u00fctterung mit Kamera<\/strong>mit kristallklarer Video\u00fcberwachung und Zwei-Wege-Audiokommunikation. Das ausgekl\u00fcgelte, intelligente Planungssystem erm\u00f6glicht es Ihnen, mehrere t\u00e4gliche F\u00fctterungen zu programmieren, w\u00e4hrend das gro\u00dfe Fassungsverm\u00f6gen von 4 Litern eine kontinuierliche Ern\u00e4hrung \u00fcber Tage hinweg ohne Nachf\u00fcllen gew\u00e4hrleistet. Jeder Aspekt dieses\u00a0<strong>Futterautomat f\u00fcr Haustiere mit Kamera<\/strong>\u00a0macht die manuelle F\u00fctterung \u00fcberfl\u00fcssig und sorgt daf\u00fcr, dass Sie mit Ihren Haustieren in Kontakt bleiben.<\/p>\n<p class=\"ds-markdown-paragraph\"><strong>Intelligente Technologie und Fern\u00fcberwachung<\/strong><br \/>\nBleiben Sie mit Ihren Haustieren \u00fcber die spezielle mobile App verbunden, die sowohl die F\u00fctterungssteuerung als auch das Live-Video-Streaming integriert. Diese hochmoderne\u00a0<strong>Haustierf\u00fctterung mit Kamera<\/strong>\u00a0bietet Echtzeit-Warnungen und -Benachrichtigungen, mit denen Sie die Mahlzeiten \u00fcberwachen und sicherstellen k\u00f6nnen, dass alle Ihre Haustiere richtig fressen. Das zuverl\u00e4ssige Betriebssystem garantiert eine gleichbleibende Leistung, so dass Sie sich auf die Versorgung Ihrer Haustiere verlassen k\u00f6nnen, auch wenn Sie nicht zu Hause sind.<\/p>\n<p class=\"ds-markdown-paragraph\"><strong>Perfekte L\u00f6sung f\u00fcr Gesch\u00e4ftspartnerschaften<\/strong><br \/>\nF\u00fcr Einzelh\u00e4ndler und Vertreiber, die hochwertige intelligente Heimtierprodukte suchen, ist die\u00a0<strong>PAWBILT Smart Pet Feeder mit Kamera<\/strong>\u00a0stellt eine au\u00dfergew\u00f6hnliche Marktchance dar. Wir bieten umfassende OEM-Dienstleistungen, wettbewerbsf\u00e4hige Gro\u00dfhandelspreise und individuelle Branding-Optionen, um Ihre spezifischen Gesch\u00e4ftsanforderungen zu erf\u00fcllen. <a href=\"https:\/\/www.pawbilt.com\/wp-content\/uploads\/2025\/10\/pawbilt-4l-smart-automatic-pet-feeder-main-1-600x450.jpg\">Kontakt<\/a> heute, um Partnerschaftsm\u00f6glichkeiten zu besprechen und zu erfahren, wie diese innovative\u00a0<strong>Haustierf\u00fctterung mit Kamera<\/strong>\u00a0k\u00f6nnen Ihre Produktpalette erweitern.<\/p>\n<p class=\"ds-markdown-paragraph\"><strong>Warum PAWBILT w\u00e4hlen?<\/strong><br \/>\nMit 13 Jahren Erfahrung in der Herstellung und internationalen Qualit\u00e4tszertifizierungen liefert PAWBILT zuverl\u00e4ssige, leistungsstarke L\u00f6sungen f\u00fcr die Haustierpflege, die sowohl Haustiere als auch ihre Besitzer lieben. Schlie\u00dfen Sie sich Tausenden von zufriedenen Kunden und Gesch\u00e4ftspartnern an, die unserem innovativen Ansatz f\u00fcr Haustiertechnologie vertrauen.<\/p>\n<p>&nbsp;<\/p>\n<h2>Merkmal:<\/h2>\n<p>\u2981 4 Liter Fassungsverm\u00f6gen f\u00fcr alle Tiergr\u00f6\u00dfen.<br \/>\n\u2981 Intelligente Zeitplanung f\u00fcr einfache F\u00fctterung.<br \/>\n\u2981 M\u00fchelose Steuerung per App.<br \/>\n\u2981 Geeignet f\u00fcr Haushalte mit mehreren Haustieren.<br \/>\n\u2981 Kontinuierliche N\u00e4hrstoffversorgung.<br \/>\n\u2981 Einfach zu verwaltende Essenszeiten.<\/p>\n<p>&nbsp;<\/p>\n<h2><strong>Spezifikation:<\/strong><\/h2>\n<p><img fetchpriority=\"high\" decoding=\"async\" class=\"alignnone wp-image-21420\" src=\"https:\/\/www.pawbilt.com\/wp-content\/uploads\/2025\/10\/8.png\" alt=\"\" width=\"753\" height=\"555\" srcset=\"https:\/\/www.pawbilt.com\/wp-content\/uploads\/2025\/10\/8.png 976w, https:\/\/www.pawbilt.com\/wp-content\/uploads\/2025\/10\/8-300x221.png 300w, https:\/\/www.pawbilt.com\/wp-content\/uploads\/2025\/10\/8-768x566.png 768w, https:\/\/www.pawbilt.com\/wp-content\/uploads\/2025\/10\/8-16x12.png 16w\" sizes=\"(max-width: 753px) 100vw, 753px\" \/><\/p>\n<p><img decoding=\"async\" class=\"alignnone size-full wp-image-20276\" src=\"https:\/\/www.pawbilt.com\/wp-content\/uploads\/2025\/10\/pawbilt-4l-smart-automatic-pet-feeder-description-1.jpg\" alt=\"Pawbilt 4L Smart Automatic Pet Feeder Image\" width=\"750\" height=\"710\" srcset=\"https:\/\/www.pawbilt.com\/wp-content\/uploads\/2025\/10\/pawbilt-4l-smart-automatic-pet-feeder-description-1.jpg 750w, https:\/\/www.pawbilt.com\/wp-content\/uploads\/2025\/10\/pawbilt-4l-smart-automatic-pet-feeder-description-1-300x284.jpg 300w, https:\/\/www.pawbilt.com\/wp-content\/uploads\/2025\/10\/pawbilt-4l-smart-automatic-pet-feeder-description-1-13x12.jpg 13w\" sizes=\"(max-width: 750px) 100vw, 750px\" \/><\/p>\n<p><img decoding=\"async\" class=\"alignnone size-full wp-image-20277\" src=\"https:\/\/www.pawbilt.com\/wp-content\/uploads\/2025\/10\/pawbilt-4l-smart-automatic-pet-feeder-description-2.jpg\" alt=\"Pawbilt 4L Smart Automatic Pet Feeder Image\" width=\"750\" height=\"1258\" srcset=\"https:\/\/www.pawbilt.com\/wp-content\/uploads\/2025\/10\/pawbilt-4l-smart-automatic-pet-feeder-description-2.jpg 750w, https:\/\/www.pawbilt.com\/wp-content\/uploads\/2025\/10\/pawbilt-4l-smart-automatic-pet-feeder-description-2-179x300.jpg 179w, https:\/\/www.pawbilt.com\/wp-content\/uploads\/2025\/10\/pawbilt-4l-smart-automatic-pet-feeder-description-2-715x1200.jpg 715w, https:\/\/www.pawbilt.com\/wp-content\/uploads\/2025\/10\/pawbilt-4l-smart-automatic-pet-feeder-description-2-7x12.jpg 7w\" sizes=\"(max-width: 750px) 100vw, 750px\" \/><\/p>\n<p><img loading=\"lazy\" decoding=\"async\" class=\"alignnone size-full wp-image-20278\" src=\"https:\/\/www.pawbilt.com\/wp-content\/uploads\/2025\/10\/pawbilt-4l-smart-automatic-pet-feeder-description-3.jpg\" alt=\"Pawbilt 4L Smart Automatic Pet Feeder Image\" width=\"750\" height=\"625\" srcset=\"https:\/\/www.pawbilt.com\/wp-content\/uploads\/2025\/10\/pawbilt-4l-smart-automatic-pet-feeder-description-3.jpg 750w, https:\/\/www.pawbilt.com\/wp-content\/uploads\/2025\/10\/pawbilt-4l-smart-automatic-pet-feeder-description-3-300x250.jpg 300w, https:\/\/www.pawbilt.com\/wp-content\/uploads\/2025\/10\/pawbilt-4l-smart-automatic-pet-feeder-description-3-14x12.jpg 14w\" sizes=\"(max-width: 750px) 100vw, 750px\" \/><\/p>\n<p><img loading=\"lazy\" decoding=\"async\" class=\"alignnone size-full wp-image-20279\" src=\"https:\/\/www.pawbilt.com\/wp-content\/uploads\/2025\/10\/pawbilt-4l-smart-automatic-pet-feeder-description-4.jpg\" alt=\"Pawbilt 4L Smart Automatic Pet Feeder Image\" width=\"750\" height=\"911\" srcset=\"https:\/\/www.pawbilt.com\/wp-content\/uploads\/2025\/10\/pawbilt-4l-smart-automatic-pet-feeder-description-4.jpg 750w, https:\/\/www.pawbilt.com\/wp-content\/uploads\/2025\/10\/pawbilt-4l-smart-automatic-pet-feeder-description-4-247x300.jpg 247w, https:\/\/www.pawbilt.com\/wp-content\/uploads\/2025\/10\/pawbilt-4l-smart-automatic-pet-feeder-description-4-10x12.jpg 10w\" sizes=\"(max-width: 750px) 100vw, 750px\" \/><\/p>\n<p><img loading=\"lazy\" decoding=\"async\" class=\"alignnone size-full wp-image-20280\" src=\"https:\/\/www.pawbilt.com\/wp-content\/uploads\/2025\/10\/pawbilt-4l-smart-automatic-pet-feeder-description-5.jpg\" alt=\"Pawbilt 4L Smart Automatic Pet Feeder Image\" width=\"750\" height=\"1283\" srcset=\"https:\/\/www.pawbilt.com\/wp-content\/uploads\/2025\/10\/pawbilt-4l-smart-automatic-pet-feeder-description-5.jpg 750w, https:\/\/www.pawbilt.com\/wp-content\/uploads\/2025\/10\/pawbilt-4l-smart-automatic-pet-feeder-description-5-175x300.jpg 175w, https:\/\/www.pawbilt.com\/wp-content\/uploads\/2025\/10\/pawbilt-4l-smart-automatic-pet-feeder-description-5-701x1200.jpg 701w, https:\/\/www.pawbilt.com\/wp-content\/uploads\/2025\/10\/pawbilt-4l-smart-automatic-pet-feeder-description-5-7x12.jpg 7w\" sizes=\"(max-width: 750px) 100vw, 750px\" \/><\/p>\n<p><img loading=\"lazy\" decoding=\"async\" class=\"alignnone size-full wp-image-20281\" src=\"https:\/\/www.pawbilt.com\/wp-content\/uploads\/2025\/10\/pawbilt-4l-smart-automatic-pet-feeder-description-6.jpg\" alt=\"Pawbilt 4L Smart Automatic Pet Feeder Image\" width=\"750\" height=\"1230\" srcset=\"https:\/\/www.pawbilt.com\/wp-content\/uploads\/2025\/10\/pawbilt-4l-smart-automatic-pet-feeder-description-6.jpg 750w, https:\/\/www.pawbilt.com\/wp-content\/uploads\/2025\/10\/pawbilt-4l-smart-automatic-pet-feeder-description-6-183x300.jpg 183w, https:\/\/www.pawbilt.com\/wp-content\/uploads\/2025\/10\/pawbilt-4l-smart-automatic-pet-feeder-description-6-732x1200.jpg 732w, https:\/\/www.pawbilt.com\/wp-content\/uploads\/2025\/10\/pawbilt-4l-smart-automatic-pet-feeder-description-6-7x12.jpg 7w\" sizes=\"(max-width: 750px) 100vw, 750px\" \/><\/p>\n<p><img loading=\"lazy\" decoding=\"async\" class=\"alignnone size-full wp-image-20282\" src=\"https:\/\/www.pawbilt.com\/wp-content\/uploads\/2025\/10\/pawbilt-4l-smart-automatic-pet-feeder-description-7.jpg\" alt=\"Pawbilt 4L Smart Automatic Pet Feeder Image\" width=\"750\" height=\"1409\" srcset=\"https:\/\/www.pawbilt.com\/wp-content\/uploads\/2025\/10\/pawbilt-4l-smart-automatic-pet-feeder-description-7.jpg 750w, https:\/\/www.pawbilt.com\/wp-content\/uploads\/2025\/10\/pawbilt-4l-smart-automatic-pet-feeder-description-7-160x300.jpg 160w, https:\/\/www.pawbilt.com\/wp-content\/uploads\/2025\/10\/pawbilt-4l-smart-automatic-pet-feeder-description-7-639x1200.jpg 639w, https:\/\/www.pawbilt.com\/wp-content\/uploads\/2025\/10\/pawbilt-4l-smart-automatic-pet-feeder-description-7-6x12.jpg 6w\" sizes=\"(max-width: 750px) 100vw, 750px\" \/><\/p>\n<p><img loading=\"lazy\" decoding=\"async\" class=\"alignnone size-full wp-image-20283\" src=\"https:\/\/www.pawbilt.com\/wp-content\/uploads\/2025\/10\/pawbilt-4l-smart-automatic-pet-feeder-description-8.jpg\" alt=\"Pawbilt 4L Smart Automatic Pet Feeder Image\" width=\"750\" height=\"1163\" srcset=\"https:\/\/www.pawbilt.com\/wp-content\/uploads\/2025\/10\/pawbilt-4l-smart-automatic-pet-feeder-description-8.jpg 750w, https:\/\/www.pawbilt.com\/wp-content\/uploads\/2025\/10\/pawbilt-4l-smart-automatic-pet-feeder-description-8-193x300.jpg 193w, https:\/\/www.pawbilt.com\/wp-content\/uploads\/2025\/10\/pawbilt-4l-smart-automatic-pet-feeder-description-8-8x12.jpg 8w\" sizes=\"(max-width: 750px) 100vw, 750px\" \/><\/p>\n<p><img loading=\"lazy\" decoding=\"async\" class=\"alignnone size-full wp-image-20284\" src=\"https:\/\/www.pawbilt.com\/wp-content\/uploads\/2025\/10\/pawbilt-4l-smart-automatic-pet-feeder-description-9.jpg\" alt=\"Pawbilt 4L Smart Automatic Pet Feeder Image\" width=\"750\" height=\"1220\" srcset=\"https:\/\/www.pawbilt.com\/wp-content\/uploads\/2025\/10\/pawbilt-4l-smart-automatic-pet-feeder-description-9.jpg 750w, https:\/\/www.pawbilt.com\/wp-content\/uploads\/2025\/10\/pawbilt-4l-smart-automatic-pet-feeder-description-9-184x300.jpg 184w, https:\/\/www.pawbilt.com\/wp-content\/uploads\/2025\/10\/pawbilt-4l-smart-automatic-pet-feeder-description-9-738x1200.jpg 738w, https:\/\/www.pawbilt.com\/wp-content\/uploads\/2025\/10\/pawbilt-4l-smart-automatic-pet-feeder-description-9-7x12.jpg 7w\" sizes=\"(max-width: 750px) 100vw, 750px\" \/><\/p>\n<p><img loading=\"lazy\" decoding=\"async\" class=\"alignnone size-full wp-image-20285\" src=\"https:\/\/www.pawbilt.com\/wp-content\/uploads\/2025\/10\/pawbilt-4l-smart-automatic-pet-feeder-description-10.jpg\" alt=\"Pawbilt 4L Smart Automatic Pet Feeder Image\" width=\"750\" height=\"1072\" srcset=\"https:\/\/www.pawbilt.com\/wp-content\/uploads\/2025\/10\/pawbilt-4l-smart-automatic-pet-feeder-description-10.jpg 750w, https:\/\/www.pawbilt.com\/wp-content\/uploads\/2025\/10\/pawbilt-4l-smart-automatic-pet-feeder-description-10-210x300.jpg 210w, https:\/\/www.pawbilt.com\/wp-content\/uploads\/2025\/10\/pawbilt-4l-smart-automatic-pet-feeder-description-10-8x12.jpg 8w\" sizes=\"(max-width: 750px) 100vw, 750px\" \/><\/p>\n<p><img loading=\"lazy\" decoding=\"async\" class=\"alignnone size-full wp-image-20288\" src=\"https:\/\/www.pawbilt.com\/wp-content\/uploads\/2025\/10\/pawbilt-4l-smart-automatic-pet-feeder-description-11-2.jpg\" alt=\"Pawbilt 4L Smart Automatic Pet Feeder Image\" width=\"750\" height=\"896\" srcset=\"https:\/\/www.pawbilt.com\/wp-content\/uploads\/2025\/10\/pawbilt-4l-smart-automatic-pet-feeder-description-11-2.jpg 750w, https:\/\/www.pawbilt.com\/wp-content\/uploads\/2025\/10\/pawbilt-4l-smart-automatic-pet-feeder-description-11-2-251x300.jpg 251w, https:\/\/www.pawbilt.com\/wp-content\/uploads\/2025\/10\/pawbilt-4l-smart-automatic-pet-feeder-description-11-2-10x12.jpg 10w\" sizes=\"(max-width: 750px) 100vw, 750px\" \/><\/p>\n<p><img loading=\"lazy\" decoding=\"async\" class=\"alignnone size-full wp-image-20289\" src=\"https:\/\/www.pawbilt.com\/wp-content\/uploads\/2025\/10\/pawbilt-4l-smart-automatic-pet-feeder-description-12.jpg\" alt=\"Pawbilt 4L Smart Automatic Pet Feeder Image\" width=\"750\" height=\"1287\" srcset=\"https:\/\/www.pawbilt.com\/wp-content\/uploads\/2025\/10\/pawbilt-4l-smart-automatic-pet-feeder-description-12.jpg 750w, https:\/\/www.pawbilt.com\/wp-content\/uploads\/2025\/10\/pawbilt-4l-smart-automatic-pet-feeder-description-12-175x300.jpg 175w, https:\/\/www.pawbilt.com\/wp-content\/uploads\/2025\/10\/pawbilt-4l-smart-automatic-pet-feeder-description-12-699x1200.jpg 699w, https:\/\/www.pawbilt.com\/wp-content\/uploads\/2025\/10\/pawbilt-4l-smart-automatic-pet-feeder-description-12-7x12.jpg 7w\" sizes=\"(max-width: 750px) 100vw, 750px\" \/><\/p>\n<p>&nbsp;<\/p>\n<p>&nbsp;<\/p>\n<h2><strong>FAQ-Abschnitt f\u00fcr Produktbeschreibungen<\/strong><strong>:<\/strong><\/h2>\n<p><strong>F1: Was ist das Besondere am Pawbilt 4L Smart Automatic Pet Feeder?<\/strong><\/p>\n<p><strong>A:<\/strong>\u00a0Er bietet ein Fassungsverm\u00f6gen von 4 Litern mit intelligenter Zeitplanung f\u00fcr alle Haustiere.<\/p>\n<p><strong>F2: Kann ich aus der Ferne einen F\u00fctterungsplan erstellen?<\/strong><\/p>\n<p><strong>A:<\/strong>\u00a0Ja, mit der App k\u00f6nnen Sie jederzeit m\u00fchelos steuern.<\/p>\n<p><strong>F3: Wie viele Lebensmittel sind darin enthalten?<\/strong><\/p>\n<p><strong>A:<\/strong>\u00a0Mit einem ger\u00e4umigen Fassungsverm\u00f6gen von 4 Litern f\u00fcr eine kontinuierliche Ern\u00e4hrung.<\/p>\n<p><strong>F4: Ist es f\u00fcr mehrere Haustiere geeignet?<\/strong><\/p>\n<p><strong>A:<\/strong>\u00a0Ja, sie ist so konzipiert, dass sie problemlos in Haushalten mit mehreren Haustieren eingesetzt werden kann.<\/p>\n<p><strong>F5: Was ist, wenn ich zu besch\u00e4ftigt bin, um manuell zu f\u00fcttern?<\/strong><\/p>\n<p><strong>A:<\/strong>\u00a0Dank der intelligenten Zeitplanung entf\u00e4llt die manuelle F\u00fctterung.<\/p>\n<p><strong>F6: Ist dies f\u00fcr den Gro\u00dfhandel erh\u00e4ltlich?<\/strong><\/p>\n<p><strong>A:<\/strong>\u00a0Ja, kontaktieren Sie uns f\u00fcr Gro\u00dfhandelsoptionen<\/p>\n<p>&nbsp;<\/p>","protected":false},"excerpt":{"rendered":"<p><strong>Verbessern Sie die Haustierpflege mit der intelligenten Innovation von PAWBILT!<\/strong> Erleben Sie eine m\u00fchelose F\u00fctterung mit dem PAWBILT 4L Smart Pet Feeder, der entwickelt wurde, um Mahlzeiten f\u00fcr kleine bis gro\u00dfe Haustiere zu planen und zu kontrollieren. Sein ger\u00e4umiges Fassungsverm\u00f6gen von 4 Litern sorgt f\u00fcr eine kontinuierliche F\u00fctterung - perfekt f\u00fcr vielbesch\u00e4ftigte Besitzer oder Haushalte mit mehreren Haustieren.<\/p>\n<p>&nbsp;<\/p>\n<ul>\n<li><strong>4L Ger\u00e4umiges Fassungsverm\u00f6gen<\/strong>: Geeignet f\u00fcr kleine bis gro\u00dfe Haustiere.<\/li>\n<li><strong>Intelligente Terminplanung<\/strong>: Anpassbare F\u00fctterungszeiten.<\/li>\n<li><strong>M\u00fchelose Kontrolle<\/strong>: Vereinfacht die Verwaltung der Mahlzeiten.<\/li>\n<li><strong>Haustierfreundlich<\/strong>: Unterst\u00fctzt problemlos mehrere Haustiere.<\/li>\n<li><strong>Kontaktieren Sie uns f\u00fcr den Gro\u00dfhandel<\/strong>: Gro\u00dfauftr\u00e4ge<\/li>\n<\/ul>","protected":false},"featured_media":20270,"template":"","meta":[],"product_brand":[2141],"product_cat":[2111],"product_tag":[2123,2117,2124,2129,2132,2133,2126,2125,2116,2122],"class_list":{"0":"post-20269","1":"product","2":"type-product","3":"status-publish","4":"has-post-thumbnail","6":"product_brand-pawbilt","7":"product_cat-smart-automatic-cat-feeder-with-single-bowl","8":"product_tag-app-controlled-feeder","9":"product_tag-automatic-pet-feeder","10":"product_tag-automatic-portion-control","11":"product_tag-b2b-pet-products","12":"product_tag-ce-certified-pet-products","13":"product_tag-fcc-certified","14":"product_tag-food-grade-materials","15":"product_tag-low-noise-pump","16":"product_tag-smart-pet-feeder","17":"product_tag-wifi-pet-feeder","19":"first","20":"instock","21":"shipping-taxable","22":"product-type-simple"},"_links":{"self":[{"href":"https:\/\/www.pawbilt.com\/de\/wp-json\/wp\/v2\/product\/20269","targetHints":{"allow":["GET"]}}],"collection":[{"href":"https:\/\/www.pawbilt.com\/de\/wp-json\/wp\/v2\/product"}],"about":[{"href":"https:\/\/www.pawbilt.com\/de\/wp-json\/wp\/v2\/types\/product"}],"wp:featuredmedia":[{"embeddable":true,"href":"https:\/\/www.pawbilt.com\/de\/wp-json\/wp\/v2\/media\/20270"}],"wp:attachment":[{"href":"https:\/\/www.pawbilt.com\/de\/wp-json\/wp\/v2\/media?parent=20269"}],"wp:term":[{"taxonomy":"product_brand","embeddable":true,"href":"https:\/\/www.pawbilt.com\/de\/wp-json\/wp\/v2\/product_brand?post=20269"},{"taxonomy":"product_cat","embeddable":true,"href":"https:\/\/www.pawbilt.com\/de\/wp-json\/wp\/v2\/product_cat?post=20269"},{"taxonomy":"product_tag","embeddable":true,"href":"https:\/\/www.pawbilt.com\/de\/wp-json\/wp\/v2\/product_tag?post=20269"}],"curies":[{"name":"wp","href":"https:\/\/api.w.org\/{rel}","templated":true}]}}