{"id":20316,"date":"2025-10-14T10:20:18","date_gmt":"2025-10-14T02:20:18","guid":{"rendered":"https:\/\/www.pawbilt.com\/?post_type=product&#038;p=20316"},"modified":"2025-10-22T20:36:04","modified_gmt":"2025-10-22T12:36:04","slug":"black-pawbilt-5l-automatic-pet-feeder","status":"publish","type":"product","link":"https:\/\/www.pawbilt.com\/de\/produkt\/black-pawbilt-5l-automatic-pet-feeder\/","title":{"rendered":"Automatischer Futterautomat | Zuverl\u00e4ssiger 5L Smart Feeder in Schwarz | PAWBILT"},"content":{"rendered":"<h2>Automatischer Futterautomat | Premium 5L Smart Feeder in Schwarz | PAWBILT<\/h2>\n<p><strong>Entdecken Sie den PAWBILT Futterautomaten f\u00fcr Haustiere: Revolutionierung der Haustierpflege<\/strong><\/p>\n<p>Der PAWBILT Futterautomat f\u00fcr Haustiere - die ultimative L\u00f6sung f\u00fcr die moderne Haustierpflege. Dieser fortschrittliche Futterautomat f\u00fcr Haustiere wurde entwickelt, um dank seiner innovativen, intelligenten Technologie und robusten Konstruktion eine zuverl\u00e4ssige und problemlose F\u00fctterung zu gew\u00e4hrleisten. Der Futterautomat kombiniert ein gro\u00dfz\u00fcgiges Fassungsverm\u00f6gen von 5 Litern mit intelligenten Funktionen, um sicherzustellen, dass Ihre Haustiere immer gut gef\u00fcttert sind, auch wenn Sie nicht zu Hause sind.<\/p>\n<p><strong>Fortschrittliche F\u00fctterungstechnologie und Kapazit\u00e4t<\/strong><br \/>\nDieser hochwertige Futterautomat f\u00fcr Haustiere verf\u00fcgt \u00fcber ein ausgekl\u00fcgeltes Anti-Stau-Design, das ein Verstopfen des Futters verhindert und eine gleichm\u00e4\u00dfige Verteilung der Mahlzeiten gew\u00e4hrleistet. Das gro\u00dfe Fassungsverm\u00f6gen von 5 Litern macht diesen Futterautomaten ideal f\u00fcr Haushalte mit mehreren Haustieren oder f\u00fcr l\u00e4ngere Reisen, da er nicht so h\u00e4ufig nachgef\u00fcllt werden muss. Alle Komponenten sind auf Langlebigkeit und Zuverl\u00e4ssigkeit ausgelegt, so dass sich Tierhalter keine Sorgen machen m\u00fcssen.<\/p>\n<p><strong>System zur Erhaltung der Frische<\/strong><br \/>\nDer PAWBILT Futterautomat f\u00fcr Haustiere verf\u00fcgt \u00fcber ein versiegeltes Lock-Fresh-System, das eine luftdichte Umgebung schafft, die Feuchtigkeit wirksam abh\u00e4lt und die Frische des Futters bewahrt. Dieser fortschrittliche Futterautomat sorgt f\u00fcr eine optimale Futterqualit\u00e4t, indem er den Kontakt mit Luft und Feuchtigkeit verhindert, sodass jede Mahlzeit so frisch ist wie die erste.<\/p>\n<p><strong>Intelligente Steuerung und unterbrechungsfreier Betrieb<\/strong><br \/>\nVerwalten Sie den F\u00fctterungsplan Ihres Haustieres ganz einfach \u00fcber die spezielle mobile Anwendung. Dieser Futterautomat f\u00fcr Haustiere bietet eine vollst\u00e4ndige Anpassung der Portionsgr\u00f6\u00dfen und F\u00fctterungszeiten, w\u00e4hrend die ausfallsichere Zuverl\u00e4ssigkeit mit zwei Stromversorgungsoptionen einen kontinuierlichen Betrieb garantiert. Das intelligente \u00dcberwachungssystem h\u00e4lt Sie jederzeit \u00fcber den F\u00fctterungsstatus und den Futterstand auf dem Laufenden.<\/p>\n<p><strong>Perfekt f\u00fcr Gesch\u00e4ftspartnerschaften<\/strong><br \/>\nF\u00fcr Einzelh\u00e4ndler und Distributoren stellt dieser PAWBILT Futterautomat eine hervorragende Gesch\u00e4ftsm\u00f6glichkeit auf dem wachsenden Markt f\u00fcr Heimtierprodukte dar. Wir bieten umfassende OEM\/ODM-Dienstleistungen, wettbewerbsf\u00e4hige Gro\u00dfhandelspreise und individuelle Branding-Optionen. <a href=\"https:\/\/www.pawbilt.com\/de\/contact-pawbilt\/\">Kontakt<\/a> heute, um die M\u00f6glichkeiten einer Partnerschaft zu besprechen und Ihren Kunden diese innovative F\u00fctterungsl\u00f6sung anzubieten.<\/p>\n<p>&nbsp;<\/p>\n<h2>Merkmal:<\/h2>\n<p>\u2981 5L gro\u00dfe Kapazit\u00e4t, kein h\u00e4ufiges Nachf\u00fcllen.<br \/>\n\u2981 Anti-Stau-Design f\u00fcr alle Arten von Lebensmitteln.<br \/>\n\u2981 Versiegeltes Lock-Fresh-System, feuchtigkeitsbest\u00e4ndig.<br \/>\n\u2981 APP-Fernbedienung f\u00fcr Zeitpl\u00e4ne.<br \/>\n\u2981 Unterbrechungsfreie Einspeisung bei Stromausf\u00e4llen.<br \/>\n\u2981 Leicht zu pflegen und zu reinigen.<\/p>\n<p>&nbsp;<\/p>\n<h2><strong>Spezifikation:<\/strong><\/h2>\n<p><img fetchpriority=\"high\" decoding=\"async\" class=\"alignnone wp-image-21418\" src=\"https:\/\/www.pawbilt.com\/wp-content\/uploads\/2025\/10\/6.png\" alt=\"\" width=\"715\" height=\"462\" srcset=\"https:\/\/www.pawbilt.com\/wp-content\/uploads\/2025\/10\/6.png 966w, https:\/\/www.pawbilt.com\/wp-content\/uploads\/2025\/10\/6-300x194.png 300w, https:\/\/www.pawbilt.com\/wp-content\/uploads\/2025\/10\/6-768x496.png 768w, https:\/\/www.pawbilt.com\/wp-content\/uploads\/2025\/10\/6-18x12.png 18w\" sizes=\"(max-width: 715px) 100vw, 715px\" \/><\/p>\n<p><img decoding=\"async\" class=\"alignnone size-full wp-image-20325\" src=\"https:\/\/www.pawbilt.com\/wp-content\/uploads\/2025\/10\/black-pawbilt-5l-smart-pet-feeder-description-1.jpg\" alt=\"Black Pawbilt 5L Smart Pet Feeder Image\" width=\"1464\" height=\"600\" srcset=\"https:\/\/www.pawbilt.com\/wp-content\/uploads\/2025\/10\/black-pawbilt-5l-smart-pet-feeder-description-1.jpg 1464w, https:\/\/www.pawbilt.com\/wp-content\/uploads\/2025\/10\/black-pawbilt-5l-smart-pet-feeder-description-1-300x123.jpg 300w, https:\/\/www.pawbilt.com\/wp-content\/uploads\/2025\/10\/black-pawbilt-5l-smart-pet-feeder-description-1-1200x492.jpg 1200w, https:\/\/www.pawbilt.com\/wp-content\/uploads\/2025\/10\/black-pawbilt-5l-smart-pet-feeder-description-1-768x315.jpg 768w, https:\/\/www.pawbilt.com\/wp-content\/uploads\/2025\/10\/black-pawbilt-5l-smart-pet-feeder-description-1-18x7.jpg 18w\" sizes=\"(max-width: 1464px) 100vw, 1464px\" \/><\/p>\n<p><img decoding=\"async\" class=\"alignnone size-full wp-image-20326\" src=\"https:\/\/www.pawbilt.com\/wp-content\/uploads\/2025\/10\/black-pawbilt-5l-smart-pet-feeder-description-2.jpg\" alt=\"Black Pawbilt 5L Smart Pet Feeder Image\" width=\"1464\" height=\"600\" srcset=\"https:\/\/www.pawbilt.com\/wp-content\/uploads\/2025\/10\/black-pawbilt-5l-smart-pet-feeder-description-2.jpg 1464w, https:\/\/www.pawbilt.com\/wp-content\/uploads\/2025\/10\/black-pawbilt-5l-smart-pet-feeder-description-2-300x123.jpg 300w, https:\/\/www.pawbilt.com\/wp-content\/uploads\/2025\/10\/black-pawbilt-5l-smart-pet-feeder-description-2-1200x492.jpg 1200w, https:\/\/www.pawbilt.com\/wp-content\/uploads\/2025\/10\/black-pawbilt-5l-smart-pet-feeder-description-2-768x315.jpg 768w, https:\/\/www.pawbilt.com\/wp-content\/uploads\/2025\/10\/black-pawbilt-5l-smart-pet-feeder-description-2-18x7.jpg 18w\" sizes=\"(max-width: 1464px) 100vw, 1464px\" \/><\/p>\n<p><img loading=\"lazy\" decoding=\"async\" class=\"alignnone size-full wp-image-20327\" src=\"https:\/\/www.pawbilt.com\/wp-content\/uploads\/2025\/10\/black-pawbilt-5l-smart-pet-feeder-description-3.jpg\" alt=\"Black Pawbilt 5L Smart Pet Feeder Image\" width=\"1464\" height=\"600\" srcset=\"https:\/\/www.pawbilt.com\/wp-content\/uploads\/2025\/10\/black-pawbilt-5l-smart-pet-feeder-description-3.jpg 1464w, https:\/\/www.pawbilt.com\/wp-content\/uploads\/2025\/10\/black-pawbilt-5l-smart-pet-feeder-description-3-300x123.jpg 300w, https:\/\/www.pawbilt.com\/wp-content\/uploads\/2025\/10\/black-pawbilt-5l-smart-pet-feeder-description-3-1200x492.jpg 1200w, https:\/\/www.pawbilt.com\/wp-content\/uploads\/2025\/10\/black-pawbilt-5l-smart-pet-feeder-description-3-768x315.jpg 768w, https:\/\/www.pawbilt.com\/wp-content\/uploads\/2025\/10\/black-pawbilt-5l-smart-pet-feeder-description-3-18x7.jpg 18w\" sizes=\"(max-width: 1464px) 100vw, 1464px\" \/><\/p>\n<p><img loading=\"lazy\" decoding=\"async\" class=\"alignnone size-full wp-image-20328\" src=\"https:\/\/www.pawbilt.com\/wp-content\/uploads\/2025\/10\/black-pawbilt-5l-smart-pet-feeder-description-4.jpg\" alt=\"Black Pawbilt 5L Smart Pet Feeder Image\" width=\"1464\" height=\"600\" srcset=\"https:\/\/www.pawbilt.com\/wp-content\/uploads\/2025\/10\/black-pawbilt-5l-smart-pet-feeder-description-4.jpg 1464w, https:\/\/www.pawbilt.com\/wp-content\/uploads\/2025\/10\/black-pawbilt-5l-smart-pet-feeder-description-4-300x123.jpg 300w, https:\/\/www.pawbilt.com\/wp-content\/uploads\/2025\/10\/black-pawbilt-5l-smart-pet-feeder-description-4-1200x492.jpg 1200w, https:\/\/www.pawbilt.com\/wp-content\/uploads\/2025\/10\/black-pawbilt-5l-smart-pet-feeder-description-4-768x315.jpg 768w, https:\/\/www.pawbilt.com\/wp-content\/uploads\/2025\/10\/black-pawbilt-5l-smart-pet-feeder-description-4-18x7.jpg 18w\" sizes=\"(max-width: 1464px) 100vw, 1464px\" \/><\/p>\n<p><img loading=\"lazy\" decoding=\"async\" class=\"alignnone size-full wp-image-20329\" src=\"https:\/\/www.pawbilt.com\/wp-content\/uploads\/2025\/10\/black-pawbilt-5l-smart-pet-feeder-description-5.jpg\" alt=\"Black Pawbilt 5L Smart Pet Feeder Image\" width=\"1464\" height=\"600\" srcset=\"https:\/\/www.pawbilt.com\/wp-content\/uploads\/2025\/10\/black-pawbilt-5l-smart-pet-feeder-description-5.jpg 1464w, https:\/\/www.pawbilt.com\/wp-content\/uploads\/2025\/10\/black-pawbilt-5l-smart-pet-feeder-description-5-300x123.jpg 300w, https:\/\/www.pawbilt.com\/wp-content\/uploads\/2025\/10\/black-pawbilt-5l-smart-pet-feeder-description-5-1200x492.jpg 1200w, https:\/\/www.pawbilt.com\/wp-content\/uploads\/2025\/10\/black-pawbilt-5l-smart-pet-feeder-description-5-768x315.jpg 768w, https:\/\/www.pawbilt.com\/wp-content\/uploads\/2025\/10\/black-pawbilt-5l-smart-pet-feeder-description-5-18x7.jpg 18w\" sizes=\"(max-width: 1464px) 100vw, 1464px\" \/><\/p>\n<p><img loading=\"lazy\" decoding=\"async\" class=\"alignnone size-full wp-image-20330\" src=\"https:\/\/www.pawbilt.com\/wp-content\/uploads\/2025\/10\/black-pawbilt-5l-smart-pet-feeder-description-6.jpg\" alt=\"Black Pawbilt 5L Smart Pet Feeder Image\" width=\"1464\" height=\"600\" srcset=\"https:\/\/www.pawbilt.com\/wp-content\/uploads\/2025\/10\/black-pawbilt-5l-smart-pet-feeder-description-6.jpg 1464w, https:\/\/www.pawbilt.com\/wp-content\/uploads\/2025\/10\/black-pawbilt-5l-smart-pet-feeder-description-6-300x123.jpg 300w, https:\/\/www.pawbilt.com\/wp-content\/uploads\/2025\/10\/black-pawbilt-5l-smart-pet-feeder-description-6-1200x492.jpg 1200w, https:\/\/www.pawbilt.com\/wp-content\/uploads\/2025\/10\/black-pawbilt-5l-smart-pet-feeder-description-6-768x315.jpg 768w, https:\/\/www.pawbilt.com\/wp-content\/uploads\/2025\/10\/black-pawbilt-5l-smart-pet-feeder-description-6-18x7.jpg 18w\" sizes=\"(max-width: 1464px) 100vw, 1464px\" \/><\/p>\n<p><img loading=\"lazy\" decoding=\"async\" class=\"alignnone size-full wp-image-20331\" src=\"https:\/\/www.pawbilt.com\/wp-content\/uploads\/2025\/10\/black-pawbilt-5l-smart-pet-feeder-description-7.jpg\" alt=\"Black Pawbilt 5L Smart Pet Feeder Image\" width=\"1464\" height=\"600\" srcset=\"https:\/\/www.pawbilt.com\/wp-content\/uploads\/2025\/10\/black-pawbilt-5l-smart-pet-feeder-description-7.jpg 1464w, https:\/\/www.pawbilt.com\/wp-content\/uploads\/2025\/10\/black-pawbilt-5l-smart-pet-feeder-description-7-300x123.jpg 300w, https:\/\/www.pawbilt.com\/wp-content\/uploads\/2025\/10\/black-pawbilt-5l-smart-pet-feeder-description-7-1200x492.jpg 1200w, https:\/\/www.pawbilt.com\/wp-content\/uploads\/2025\/10\/black-pawbilt-5l-smart-pet-feeder-description-7-768x315.jpg 768w, https:\/\/www.pawbilt.com\/wp-content\/uploads\/2025\/10\/black-pawbilt-5l-smart-pet-feeder-description-7-18x7.jpg 18w\" sizes=\"(max-width: 1464px) 100vw, 1464px\" \/><\/p>\n<p><img loading=\"lazy\" decoding=\"async\" class=\"alignnone size-full wp-image-20332\" src=\"https:\/\/www.pawbilt.com\/wp-content\/uploads\/2025\/10\/black-pawbilt-5l-smart-pet-feeder-description-8.jpg\" alt=\"Black Pawbilt 5L Smart Pet Feeder Image\" width=\"1464\" height=\"600\" srcset=\"https:\/\/www.pawbilt.com\/wp-content\/uploads\/2025\/10\/black-pawbilt-5l-smart-pet-feeder-description-8.jpg 1464w, https:\/\/www.pawbilt.com\/wp-content\/uploads\/2025\/10\/black-pawbilt-5l-smart-pet-feeder-description-8-300x123.jpg 300w, https:\/\/www.pawbilt.com\/wp-content\/uploads\/2025\/10\/black-pawbilt-5l-smart-pet-feeder-description-8-1200x492.jpg 1200w, https:\/\/www.pawbilt.com\/wp-content\/uploads\/2025\/10\/black-pawbilt-5l-smart-pet-feeder-description-8-768x315.jpg 768w, https:\/\/www.pawbilt.com\/wp-content\/uploads\/2025\/10\/black-pawbilt-5l-smart-pet-feeder-description-8-18x7.jpg 18w\" sizes=\"(max-width: 1464px) 100vw, 1464px\" \/><\/p>\n<p><img loading=\"lazy\" decoding=\"async\" class=\"alignnone size-full wp-image-20334\" src=\"https:\/\/www.pawbilt.com\/wp-content\/uploads\/2025\/10\/black-pawbilt-5l-smart-pet-feeder-description-10.jpg\" alt=\"Black Pawbilt 5L Smart Pet Feeder Image\" width=\"1464\" height=\"600\" srcset=\"https:\/\/www.pawbilt.com\/wp-content\/uploads\/2025\/10\/black-pawbilt-5l-smart-pet-feeder-description-10.jpg 1464w, https:\/\/www.pawbilt.com\/wp-content\/uploads\/2025\/10\/black-pawbilt-5l-smart-pet-feeder-description-10-300x123.jpg 300w, https:\/\/www.pawbilt.com\/wp-content\/uploads\/2025\/10\/black-pawbilt-5l-smart-pet-feeder-description-10-1200x492.jpg 1200w, https:\/\/www.pawbilt.com\/wp-content\/uploads\/2025\/10\/black-pawbilt-5l-smart-pet-feeder-description-10-768x315.jpg 768w, https:\/\/www.pawbilt.com\/wp-content\/uploads\/2025\/10\/black-pawbilt-5l-smart-pet-feeder-description-10-18x7.jpg 18w\" sizes=\"(max-width: 1464px) 100vw, 1464px\" \/><\/p>\n<p><img loading=\"lazy\" decoding=\"async\" class=\"alignnone size-full wp-image-20335\" src=\"https:\/\/www.pawbilt.com\/wp-content\/uploads\/2025\/10\/black-pawbilt-5l-smart-pet-feeder-description-11.jpg\" alt=\"Black Pawbilt 5L Smart Pet Feeder Image\" width=\"1464\" height=\"600\" srcset=\"https:\/\/www.pawbilt.com\/wp-content\/uploads\/2025\/10\/black-pawbilt-5l-smart-pet-feeder-description-11.jpg 1464w, https:\/\/www.pawbilt.com\/wp-content\/uploads\/2025\/10\/black-pawbilt-5l-smart-pet-feeder-description-11-300x123.jpg 300w, https:\/\/www.pawbilt.com\/wp-content\/uploads\/2025\/10\/black-pawbilt-5l-smart-pet-feeder-description-11-1200x492.jpg 1200w, https:\/\/www.pawbilt.com\/wp-content\/uploads\/2025\/10\/black-pawbilt-5l-smart-pet-feeder-description-11-768x315.jpg 768w, https:\/\/www.pawbilt.com\/wp-content\/uploads\/2025\/10\/black-pawbilt-5l-smart-pet-feeder-description-11-18x7.jpg 18w\" sizes=\"(max-width: 1464px) 100vw, 1464px\" \/><\/p>\n<p><img loading=\"lazy\" decoding=\"async\" class=\"alignnone size-full wp-image-20336\" src=\"https:\/\/www.pawbilt.com\/wp-content\/uploads\/2025\/10\/black-pawbilt-5l-smart-pet-feeder-description-12.jpg\" alt=\"Black Pawbilt 5L Smart Pet Feeder Image\" width=\"1464\" height=\"600\" srcset=\"https:\/\/www.pawbilt.com\/wp-content\/uploads\/2025\/10\/black-pawbilt-5l-smart-pet-feeder-description-12.jpg 1464w, https:\/\/www.pawbilt.com\/wp-content\/uploads\/2025\/10\/black-pawbilt-5l-smart-pet-feeder-description-12-300x123.jpg 300w, https:\/\/www.pawbilt.com\/wp-content\/uploads\/2025\/10\/black-pawbilt-5l-smart-pet-feeder-description-12-1200x492.jpg 1200w, https:\/\/www.pawbilt.com\/wp-content\/uploads\/2025\/10\/black-pawbilt-5l-smart-pet-feeder-description-12-768x315.jpg 768w, https:\/\/www.pawbilt.com\/wp-content\/uploads\/2025\/10\/black-pawbilt-5l-smart-pet-feeder-description-12-18x7.jpg 18w\" sizes=\"(max-width: 1464px) 100vw, 1464px\" \/><\/p>\n<p><img loading=\"lazy\" decoding=\"async\" class=\"alignnone size-full wp-image-20337\" src=\"https:\/\/www.pawbilt.com\/wp-content\/uploads\/2025\/10\/black-pawbilt-5l-smart-pet-feeder-description-13.jpg\" alt=\"Black Pawbilt 5L Smart Pet Feeder Image\" width=\"1464\" height=\"600\" srcset=\"https:\/\/www.pawbilt.com\/wp-content\/uploads\/2025\/10\/black-pawbilt-5l-smart-pet-feeder-description-13.jpg 1464w, https:\/\/www.pawbilt.com\/wp-content\/uploads\/2025\/10\/black-pawbilt-5l-smart-pet-feeder-description-13-300x123.jpg 300w, https:\/\/www.pawbilt.com\/wp-content\/uploads\/2025\/10\/black-pawbilt-5l-smart-pet-feeder-description-13-1200x492.jpg 1200w, https:\/\/www.pawbilt.com\/wp-content\/uploads\/2025\/10\/black-pawbilt-5l-smart-pet-feeder-description-13-768x315.jpg 768w, https:\/\/www.pawbilt.com\/wp-content\/uploads\/2025\/10\/black-pawbilt-5l-smart-pet-feeder-description-13-18x7.jpg 18w\" sizes=\"(max-width: 1464px) 100vw, 1464px\" \/><\/p>\n<p><img loading=\"lazy\" decoding=\"async\" class=\"alignnone size-full wp-image-20338\" src=\"https:\/\/www.pawbilt.com\/wp-content\/uploads\/2025\/10\/black-pawbilt-5l-smart-pet-feeder-description-14.jpg\" alt=\"Black Pawbilt 5L Smart Pet Feeder Image\" width=\"1464\" height=\"600\" srcset=\"https:\/\/www.pawbilt.com\/wp-content\/uploads\/2025\/10\/black-pawbilt-5l-smart-pet-feeder-description-14.jpg 1464w, https:\/\/www.pawbilt.com\/wp-content\/uploads\/2025\/10\/black-pawbilt-5l-smart-pet-feeder-description-14-300x123.jpg 300w, https:\/\/www.pawbilt.com\/wp-content\/uploads\/2025\/10\/black-pawbilt-5l-smart-pet-feeder-description-14-1200x492.jpg 1200w, https:\/\/www.pawbilt.com\/wp-content\/uploads\/2025\/10\/black-pawbilt-5l-smart-pet-feeder-description-14-768x315.jpg 768w, https:\/\/www.pawbilt.com\/wp-content\/uploads\/2025\/10\/black-pawbilt-5l-smart-pet-feeder-description-14-18x7.jpg 18w\" sizes=\"(max-width: 1464px) 100vw, 1464px\" \/><\/p>\n<p><img loading=\"lazy\" decoding=\"async\" class=\"alignnone size-full wp-image-20339\" src=\"https:\/\/www.pawbilt.com\/wp-content\/uploads\/2025\/10\/black-pawbilt-5l-smart-pet-feeder-description-15.jpg\" alt=\"Black Pawbilt 5L Smart Pet Feeder Image\" width=\"1464\" height=\"600\" srcset=\"https:\/\/www.pawbilt.com\/wp-content\/uploads\/2025\/10\/black-pawbilt-5l-smart-pet-feeder-description-15.jpg 1464w, https:\/\/www.pawbilt.com\/wp-content\/uploads\/2025\/10\/black-pawbilt-5l-smart-pet-feeder-description-15-300x123.jpg 300w, https:\/\/www.pawbilt.com\/wp-content\/uploads\/2025\/10\/black-pawbilt-5l-smart-pet-feeder-description-15-1200x492.jpg 1200w, https:\/\/www.pawbilt.com\/wp-content\/uploads\/2025\/10\/black-pawbilt-5l-smart-pet-feeder-description-15-768x315.jpg 768w, https:\/\/www.pawbilt.com\/wp-content\/uploads\/2025\/10\/black-pawbilt-5l-smart-pet-feeder-description-15-18x7.jpg 18w\" sizes=\"(max-width: 1464px) 100vw, 1464px\" \/><\/p>\n<h2><strong>FAQ-Abschnitt f\u00fcr Produktbeschreibungen<\/strong><strong>:<\/strong><\/h2>\n<p><strong>F1: Wodurch zeichnet sich der PAWBILT 5L Smart Pet Feeder aus?<\/strong><\/p>\n<p><strong>A:<\/strong>\u00a0Er hat ein Fassungsverm\u00f6gen von 5 Litern und ist mit einem Anti-Stau-System versehen.<\/p>\n<p><strong>F2: Kann es verschiedene Arten von Lebensmitteln verarbeiten?<\/strong><\/p>\n<p><strong>A:<\/strong>\u00a0Ja, das Anti-Stau-Design funktioniert mit Trocken- und Nassfutter.<\/p>\n<p><strong>F3: Wie kann ich einen F\u00fctterungsplan erstellen?<\/strong><\/p>\n<p><strong>A:<\/strong>\u00a0Verwenden Sie die APP zur Fernsteuerung und f\u00fcr individuelle Pl\u00e4ne.<\/p>\n<p><strong>F4: Was ist, wenn der Strom ausf\u00e4llt?<\/strong><\/p>\n<p><strong>A:<\/strong>\u00a0Die ununterbrochene F\u00fctterung gew\u00e4hrleistet Mahlzeiten bei Ausf\u00e4llen.<\/p>\n<p><strong>F5: Ist es leicht sauber zu halten?<\/strong><\/p>\n<p><strong>A:<\/strong>\u00a0Ja, entwickelt f\u00fcr einfache Wartung und Hygiene.<\/p>\n<p><strong>F6: Ist dies f\u00fcr den Gro\u00dfhandel erh\u00e4ltlich?<\/strong><\/p>\n<p><strong>A:<\/strong>\u00a0Ja, kontaktieren Sie uns f\u00fcr Gro\u00dfhandelsoptionen<\/p>\n<p>&nbsp;<\/p>","protected":false},"excerpt":{"rendered":"<p><strong>Ver\u00e4ndern Sie die Haustierpflege mit Pawbilt's Smart Feeding!<\/strong>\u00a0Lernen Sie den Pawbilt 5L Smart Pet Feeder kennen, eine innovative L\u00f6sung f\u00fcr m\u00fchelose, portionierte Mahlzeiten, mit der Sie bis zu sechs t\u00e4gliche F\u00fctterungen f\u00fcr Ihre Katze planen k\u00f6nnen. Er ist ideal f\u00fcr vielbesch\u00e4ftigte Besitzer und sorgt f\u00fcr eine gesunde Ern\u00e4hrung und ein ruhiges Gewissen.<\/p>\n<ul>\n<li><strong>5L Gro\u00dfes Fassungsverm\u00f6gen<\/strong>: Kein h\u00e4ufiges Nachf\u00fcllen erforderlich.<\/li>\n<li><strong>Anti-Stau-Design<\/strong>: Funktioniert mit jedem Trocken- oder Nassfutter.<\/li>\n<li><strong>Versiegeltes Lock-Fresh-System<\/strong>: Verhindert Feuchtigkeit mit Trockenmittel und Dichtungen.<\/li>\n<li><strong>APP-Fernbedienung<\/strong>: Legen Sie Zeitpl\u00e4ne und Portionen aus der Ferne fest.<\/li>\n<li><strong>Ununterbrochene F\u00fctterung<\/strong>: Funktioniert auch bei Strom- oder Internetausf\u00e4llen.<\/li>\n<li><strong>Kontaktieren Sie uns f\u00fcr den Gro\u00dfhandel<\/strong>: Gro\u00dfauftr\u00e4ge<\/li>\n<\/ul>","protected":false},"featured_media":20317,"template":"","meta":[],"product_brand":[2141],"product_cat":[2111],"product_tag":[2123,2117,2124,2129,2132,2126,2125,2116,2122],"class_list":{"0":"post-20316","1":"product","2":"type-product","3":"status-publish","4":"has-post-thumbnail","6":"product_brand-pawbilt","7":"product_cat-smart-automatic-cat-feeder-with-single-bowl","8":"product_tag-app-controlled-feeder","9":"product_tag-automatic-pet-feeder","10":"product_tag-automatic-portion-control","11":"product_tag-b2b-pet-products","12":"product_tag-ce-certified-pet-products","13":"product_tag-food-grade-materials","14":"product_tag-low-noise-pump","15":"product_tag-smart-pet-feeder","16":"product_tag-wifi-pet-feeder","18":"first","19":"instock","20":"shipping-taxable","21":"product-type-simple"},"_links":{"self":[{"href":"https:\/\/www.pawbilt.com\/de\/wp-json\/wp\/v2\/product\/20316","targetHints":{"allow":["GET"]}}],"collection":[{"href":"https:\/\/www.pawbilt.com\/de\/wp-json\/wp\/v2\/product"}],"about":[{"href":"https:\/\/www.pawbilt.com\/de\/wp-json\/wp\/v2\/types\/product"}],"wp:featuredmedia":[{"embeddable":true,"href":"https:\/\/www.pawbilt.com\/de\/wp-json\/wp\/v2\/media\/20317"}],"wp:attachment":[{"href":"https:\/\/www.pawbilt.com\/de\/wp-json\/wp\/v2\/media?parent=20316"}],"wp:term":[{"taxonomy":"product_brand","embeddable":true,"href":"https:\/\/www.pawbilt.com\/de\/wp-json\/wp\/v2\/product_brand?post=20316"},{"taxonomy":"product_cat","embeddable":true,"href":"https:\/\/www.pawbilt.com\/de\/wp-json\/wp\/v2\/product_cat?post=20316"},{"taxonomy":"product_tag","embeddable":true,"href":"https:\/\/www.pawbilt.com\/de\/wp-json\/wp\/v2\/product_tag?post=20316"}],"curies":[{"name":"wp","href":"https:\/\/api.w.org\/{rel}","templated":true}]}}