{"id":20269,"date":"2025-10-14T09:44:27","date_gmt":"2025-10-14T01:44:27","guid":{"rendered":"https:\/\/www.pawbilt.com\/?post_type=product&#038;p=20269"},"modified":"2025-10-22T20:34:01","modified_gmt":"2025-10-22T12:34:01","slug":"4l-pet-feeder-with-camera","status":"publish","type":"product","link":"https:\/\/www.pawbilt.com\/es\/producto\/4l-pet-feeder-with-camera\/","title":{"rendered":"Comedero para Mascotas con C\u00e1mara | Dise\u00f1o Avanzado 4L Autom\u00e1tico | PAWBILT"},"content":{"rendered":"<h2 class=\"ds-markdown-paragraph\"><strong>Descubra el comedero inteligente para mascotas con c\u00e1mara PAWBILIT: Alimentaci\u00f3n y vigilancia inteligentes<\/strong><\/h2>\n<p class=\"ds-markdown-paragraph\">Conoce al revolucionario\u00a0<strong>Comedero inteligente para mascotas PAWBILT con c\u00e1mara<\/strong>\u00a0- su soluci\u00f3n todo en uno para la alimentaci\u00f3n automatizada y la supervisi\u00f3n de mascotas en tiempo real. Este avanzado\u00a0<strong>comedero para mascotas con c\u00e1mara<\/strong>\u00a0combina una generosa capacidad de 4 litros con funciones inteligentes de programaci\u00f3n, lo que lo hace perfecto para hogares con varias mascotas y padres de mascotas ocupados. La c\u00e1mara HD integrada le permite vigilar a sus mascotas durante la comida, mientras que la tecnolog\u00eda inteligente garantiza que reciban raciones precisas seg\u00fan su programaci\u00f3n personalizada.<\/p>\n<p class=\"ds-markdown-paragraph\"><strong>Funciones avanzadas para mayor tranquilidad<\/strong><br \/>\nExperimente la m\u00e1xima comodidad con este innovador\u00a0<strong>comedero para mascotas con c\u00e1mara<\/strong>que cuenta con monitorizaci\u00f3n de v\u00eddeo de gran nitidez y comunicaci\u00f3n de audio bidireccional. El sofisticado sistema de programaci\u00f3n inteligente permite programar varias tomas diarias, mientras que la gran capacidad de 4 litros garantiza una alimentaci\u00f3n continua durante d\u00edas sin necesidad de rellenar. Todos los aspectos de este\u00a0<strong>comedero autom\u00e1tico para mascotas con c\u00e1mara<\/strong>\u00a0est\u00e1 dise\u00f1ado para eliminar las molestias de la alimentaci\u00f3n manual y mantenerle conectado a sus mascotas.<\/p>\n<p class=\"ds-markdown-paragraph\"><strong>Tecnolog\u00eda inteligente y control remoto<\/strong><br \/>\nMant\u00e9ngase conectado con sus mascotas a trav\u00e9s de la aplicaci\u00f3n m\u00f3vil espec\u00edfica que integra tanto el control de la alimentaci\u00f3n como la transmisi\u00f3n de v\u00eddeo en directo. Esta aplicaci\u00f3n\u00a0<strong>comedero para mascotas con c\u00e1mara<\/strong>\u00a0proporciona alertas y notificaciones en tiempo real, lo que le permite supervisar las actividades a la hora de comer y asegurarse de que todas sus mascotas comen correctamente. El fiable sistema de funcionamiento garantiza un rendimiento constante, lo que le da total confianza en el cuidado de sus mascotas incluso cuando est\u00e1 fuera de casa.<\/p>\n<p class=\"ds-markdown-paragraph\"><strong>La soluci\u00f3n perfecta para las asociaciones empresariales<\/strong><br \/>\nPara los minoristas y distribuidores que buscan productos inteligentes de primera calidad para mascotas, el\u00a0<strong>Comedero inteligente para mascotas PAWBILT con c\u00e1mara<\/strong>\u00a0representa una oportunidad de mercado excepcional. Ofrecemos servicios integrales de OEM, precios mayoristas competitivos y opciones de personalizaci\u00f3n de marca para satisfacer sus requisitos empresariales espec\u00edficos. <a href=\"https:\/\/www.pawbilt.com\/wp-content\/uploads\/2025\/10\/pawbilt-4l-smart-automatic-pet-feeder-main-1-600x450.jpg\">P\u00f3ngase en contacto con nosotros<\/a> hoy mismo para hablar de oportunidades de asociaci\u00f3n y saber c\u00f3mo esta innovadora\u00a0<strong>comedero para mascotas con c\u00e1mara<\/strong>\u00a0puede mejorar su gama de productos.<\/p>\n<p class=\"ds-markdown-paragraph\"><strong>\u00bfPor qu\u00e9 elegir PAWBILT?<\/strong><br \/>\nCon el respaldo de 13 a\u00f1os de experiencia en fabricaci\u00f3n y certificaciones internacionales de calidad, PAWBILT ofrece soluciones fiables y de alto rendimiento para el cuidado de las mascotas que gustan tanto a ellas como a sus due\u00f1os. \u00danase a los miles de clientes y socios comerciales satisfechos que conf\u00edan en nuestro enfoque innovador de la tecnolog\u00eda para mascotas.<\/p>\n<p>&nbsp;<\/p>\n<h2>Caracter\u00edstica:<\/h2>\n<p>\u2981 4L de capacidad para mascotas de todos los tama\u00f1os.<br \/>\n\u2981 Programaci\u00f3n inteligente para facilitar la alimentaci\u00f3n.<br \/>\n\u2981 Control sin esfuerzo a trav\u00e9s de la aplicaci\u00f3n.<br \/>\n\u2981 Adecuado para hogares con varias mascotas.<br \/>\n\u2981 Suministro continuo de nutrientes.<br \/>\n\u2981 Facilidad para gestionar los horarios de las comidas.<\/p>\n<p>&nbsp;<\/p>\n<h2><strong>Especificaci\u00f3n:<\/strong><\/h2>\n<p><img fetchpriority=\"high\" decoding=\"async\" class=\"alignnone wp-image-21420\" src=\"https:\/\/www.pawbilt.com\/wp-content\/uploads\/2025\/10\/8.png\" alt=\"\" width=\"753\" height=\"555\" srcset=\"https:\/\/www.pawbilt.com\/wp-content\/uploads\/2025\/10\/8.png 976w, https:\/\/www.pawbilt.com\/wp-content\/uploads\/2025\/10\/8-300x221.png 300w, https:\/\/www.pawbilt.com\/wp-content\/uploads\/2025\/10\/8-768x566.png 768w, https:\/\/www.pawbilt.com\/wp-content\/uploads\/2025\/10\/8-16x12.png 16w\" sizes=\"(max-width: 753px) 100vw, 753px\" \/><\/p>\n<p><img decoding=\"async\" class=\"alignnone size-full wp-image-20276\" src=\"https:\/\/www.pawbilt.com\/wp-content\/uploads\/2025\/10\/pawbilt-4l-smart-automatic-pet-feeder-description-1.jpg\" alt=\"Pawbilt 4L Smart Automatic Pet Feeder Image\" width=\"750\" height=\"710\" srcset=\"https:\/\/www.pawbilt.com\/wp-content\/uploads\/2025\/10\/pawbilt-4l-smart-automatic-pet-feeder-description-1.jpg 750w, https:\/\/www.pawbilt.com\/wp-content\/uploads\/2025\/10\/pawbilt-4l-smart-automatic-pet-feeder-description-1-300x284.jpg 300w, https:\/\/www.pawbilt.com\/wp-content\/uploads\/2025\/10\/pawbilt-4l-smart-automatic-pet-feeder-description-1-13x12.jpg 13w\" sizes=\"(max-width: 750px) 100vw, 750px\" \/><\/p>\n<p><img decoding=\"async\" class=\"alignnone size-full wp-image-20277\" src=\"https:\/\/www.pawbilt.com\/wp-content\/uploads\/2025\/10\/pawbilt-4l-smart-automatic-pet-feeder-description-2.jpg\" alt=\"Pawbilt 4L Smart Automatic Pet Feeder Image\" width=\"750\" height=\"1258\" srcset=\"https:\/\/www.pawbilt.com\/wp-content\/uploads\/2025\/10\/pawbilt-4l-smart-automatic-pet-feeder-description-2.jpg 750w, https:\/\/www.pawbilt.com\/wp-content\/uploads\/2025\/10\/pawbilt-4l-smart-automatic-pet-feeder-description-2-179x300.jpg 179w, https:\/\/www.pawbilt.com\/wp-content\/uploads\/2025\/10\/pawbilt-4l-smart-automatic-pet-feeder-description-2-715x1200.jpg 715w, https:\/\/www.pawbilt.com\/wp-content\/uploads\/2025\/10\/pawbilt-4l-smart-automatic-pet-feeder-description-2-7x12.jpg 7w\" sizes=\"(max-width: 750px) 100vw, 750px\" \/><\/p>\n<p><img loading=\"lazy\" decoding=\"async\" class=\"alignnone size-full wp-image-20278\" src=\"https:\/\/www.pawbilt.com\/wp-content\/uploads\/2025\/10\/pawbilt-4l-smart-automatic-pet-feeder-description-3.jpg\" alt=\"Pawbilt 4L Smart Automatic Pet Feeder Image\" width=\"750\" height=\"625\" srcset=\"https:\/\/www.pawbilt.com\/wp-content\/uploads\/2025\/10\/pawbilt-4l-smart-automatic-pet-feeder-description-3.jpg 750w, https:\/\/www.pawbilt.com\/wp-content\/uploads\/2025\/10\/pawbilt-4l-smart-automatic-pet-feeder-description-3-300x250.jpg 300w, https:\/\/www.pawbilt.com\/wp-content\/uploads\/2025\/10\/pawbilt-4l-smart-automatic-pet-feeder-description-3-14x12.jpg 14w\" sizes=\"(max-width: 750px) 100vw, 750px\" \/><\/p>\n<p><img loading=\"lazy\" decoding=\"async\" class=\"alignnone size-full wp-image-20279\" src=\"https:\/\/www.pawbilt.com\/wp-content\/uploads\/2025\/10\/pawbilt-4l-smart-automatic-pet-feeder-description-4.jpg\" alt=\"Pawbilt 4L Smart Automatic Pet Feeder Image\" width=\"750\" height=\"911\" srcset=\"https:\/\/www.pawbilt.com\/wp-content\/uploads\/2025\/10\/pawbilt-4l-smart-automatic-pet-feeder-description-4.jpg 750w, https:\/\/www.pawbilt.com\/wp-content\/uploads\/2025\/10\/pawbilt-4l-smart-automatic-pet-feeder-description-4-247x300.jpg 247w, https:\/\/www.pawbilt.com\/wp-content\/uploads\/2025\/10\/pawbilt-4l-smart-automatic-pet-feeder-description-4-10x12.jpg 10w\" sizes=\"(max-width: 750px) 100vw, 750px\" \/><\/p>\n<p><img loading=\"lazy\" decoding=\"async\" class=\"alignnone size-full wp-image-20280\" src=\"https:\/\/www.pawbilt.com\/wp-content\/uploads\/2025\/10\/pawbilt-4l-smart-automatic-pet-feeder-description-5.jpg\" alt=\"Pawbilt 4L Smart Automatic Pet Feeder Image\" width=\"750\" height=\"1283\" srcset=\"https:\/\/www.pawbilt.com\/wp-content\/uploads\/2025\/10\/pawbilt-4l-smart-automatic-pet-feeder-description-5.jpg 750w, https:\/\/www.pawbilt.com\/wp-content\/uploads\/2025\/10\/pawbilt-4l-smart-automatic-pet-feeder-description-5-175x300.jpg 175w, https:\/\/www.pawbilt.com\/wp-content\/uploads\/2025\/10\/pawbilt-4l-smart-automatic-pet-feeder-description-5-701x1200.jpg 701w, https:\/\/www.pawbilt.com\/wp-content\/uploads\/2025\/10\/pawbilt-4l-smart-automatic-pet-feeder-description-5-7x12.jpg 7w\" sizes=\"(max-width: 750px) 100vw, 750px\" \/><\/p>\n<p><img loading=\"lazy\" decoding=\"async\" class=\"alignnone size-full wp-image-20281\" src=\"https:\/\/www.pawbilt.com\/wp-content\/uploads\/2025\/10\/pawbilt-4l-smart-automatic-pet-feeder-description-6.jpg\" alt=\"Pawbilt 4L Smart Automatic Pet Feeder Image\" width=\"750\" height=\"1230\" srcset=\"https:\/\/www.pawbilt.com\/wp-content\/uploads\/2025\/10\/pawbilt-4l-smart-automatic-pet-feeder-description-6.jpg 750w, https:\/\/www.pawbilt.com\/wp-content\/uploads\/2025\/10\/pawbilt-4l-smart-automatic-pet-feeder-description-6-183x300.jpg 183w, https:\/\/www.pawbilt.com\/wp-content\/uploads\/2025\/10\/pawbilt-4l-smart-automatic-pet-feeder-description-6-732x1200.jpg 732w, https:\/\/www.pawbilt.com\/wp-content\/uploads\/2025\/10\/pawbilt-4l-smart-automatic-pet-feeder-description-6-7x12.jpg 7w\" sizes=\"(max-width: 750px) 100vw, 750px\" \/><\/p>\n<p><img loading=\"lazy\" decoding=\"async\" class=\"alignnone size-full wp-image-20282\" src=\"https:\/\/www.pawbilt.com\/wp-content\/uploads\/2025\/10\/pawbilt-4l-smart-automatic-pet-feeder-description-7.jpg\" alt=\"Pawbilt 4L Smart Automatic Pet Feeder Image\" width=\"750\" height=\"1409\" srcset=\"https:\/\/www.pawbilt.com\/wp-content\/uploads\/2025\/10\/pawbilt-4l-smart-automatic-pet-feeder-description-7.jpg 750w, https:\/\/www.pawbilt.com\/wp-content\/uploads\/2025\/10\/pawbilt-4l-smart-automatic-pet-feeder-description-7-160x300.jpg 160w, https:\/\/www.pawbilt.com\/wp-content\/uploads\/2025\/10\/pawbilt-4l-smart-automatic-pet-feeder-description-7-639x1200.jpg 639w, https:\/\/www.pawbilt.com\/wp-content\/uploads\/2025\/10\/pawbilt-4l-smart-automatic-pet-feeder-description-7-6x12.jpg 6w\" sizes=\"(max-width: 750px) 100vw, 750px\" \/><\/p>\n<p><img loading=\"lazy\" decoding=\"async\" class=\"alignnone size-full wp-image-20283\" src=\"https:\/\/www.pawbilt.com\/wp-content\/uploads\/2025\/10\/pawbilt-4l-smart-automatic-pet-feeder-description-8.jpg\" alt=\"Pawbilt 4L Smart Automatic Pet Feeder Image\" width=\"750\" height=\"1163\" srcset=\"https:\/\/www.pawbilt.com\/wp-content\/uploads\/2025\/10\/pawbilt-4l-smart-automatic-pet-feeder-description-8.jpg 750w, https:\/\/www.pawbilt.com\/wp-content\/uploads\/2025\/10\/pawbilt-4l-smart-automatic-pet-feeder-description-8-193x300.jpg 193w, https:\/\/www.pawbilt.com\/wp-content\/uploads\/2025\/10\/pawbilt-4l-smart-automatic-pet-feeder-description-8-8x12.jpg 8w\" sizes=\"(max-width: 750px) 100vw, 750px\" \/><\/p>\n<p><img loading=\"lazy\" decoding=\"async\" class=\"alignnone size-full wp-image-20284\" src=\"https:\/\/www.pawbilt.com\/wp-content\/uploads\/2025\/10\/pawbilt-4l-smart-automatic-pet-feeder-description-9.jpg\" alt=\"Pawbilt 4L Smart Automatic Pet Feeder Image\" width=\"750\" height=\"1220\" srcset=\"https:\/\/www.pawbilt.com\/wp-content\/uploads\/2025\/10\/pawbilt-4l-smart-automatic-pet-feeder-description-9.jpg 750w, https:\/\/www.pawbilt.com\/wp-content\/uploads\/2025\/10\/pawbilt-4l-smart-automatic-pet-feeder-description-9-184x300.jpg 184w, https:\/\/www.pawbilt.com\/wp-content\/uploads\/2025\/10\/pawbilt-4l-smart-automatic-pet-feeder-description-9-738x1200.jpg 738w, https:\/\/www.pawbilt.com\/wp-content\/uploads\/2025\/10\/pawbilt-4l-smart-automatic-pet-feeder-description-9-7x12.jpg 7w\" sizes=\"(max-width: 750px) 100vw, 750px\" \/><\/p>\n<p><img loading=\"lazy\" decoding=\"async\" class=\"alignnone size-full wp-image-20285\" src=\"https:\/\/www.pawbilt.com\/wp-content\/uploads\/2025\/10\/pawbilt-4l-smart-automatic-pet-feeder-description-10.jpg\" alt=\"Pawbilt 4L Smart Automatic Pet Feeder Image\" width=\"750\" height=\"1072\" srcset=\"https:\/\/www.pawbilt.com\/wp-content\/uploads\/2025\/10\/pawbilt-4l-smart-automatic-pet-feeder-description-10.jpg 750w, https:\/\/www.pawbilt.com\/wp-content\/uploads\/2025\/10\/pawbilt-4l-smart-automatic-pet-feeder-description-10-210x300.jpg 210w, https:\/\/www.pawbilt.com\/wp-content\/uploads\/2025\/10\/pawbilt-4l-smart-automatic-pet-feeder-description-10-8x12.jpg 8w\" sizes=\"(max-width: 750px) 100vw, 750px\" \/><\/p>\n<p><img loading=\"lazy\" decoding=\"async\" class=\"alignnone size-full wp-image-20288\" src=\"https:\/\/www.pawbilt.com\/wp-content\/uploads\/2025\/10\/pawbilt-4l-smart-automatic-pet-feeder-description-11-2.jpg\" alt=\"Pawbilt 4L Smart Automatic Pet Feeder Image\" width=\"750\" height=\"896\" srcset=\"https:\/\/www.pawbilt.com\/wp-content\/uploads\/2025\/10\/pawbilt-4l-smart-automatic-pet-feeder-description-11-2.jpg 750w, https:\/\/www.pawbilt.com\/wp-content\/uploads\/2025\/10\/pawbilt-4l-smart-automatic-pet-feeder-description-11-2-251x300.jpg 251w, https:\/\/www.pawbilt.com\/wp-content\/uploads\/2025\/10\/pawbilt-4l-smart-automatic-pet-feeder-description-11-2-10x12.jpg 10w\" sizes=\"(max-width: 750px) 100vw, 750px\" \/><\/p>\n<p><img loading=\"lazy\" decoding=\"async\" class=\"alignnone size-full wp-image-20289\" src=\"https:\/\/www.pawbilt.com\/wp-content\/uploads\/2025\/10\/pawbilt-4l-smart-automatic-pet-feeder-description-12.jpg\" alt=\"Pawbilt 4L Smart Automatic Pet Feeder Image\" width=\"750\" height=\"1287\" srcset=\"https:\/\/www.pawbilt.com\/wp-content\/uploads\/2025\/10\/pawbilt-4l-smart-automatic-pet-feeder-description-12.jpg 750w, https:\/\/www.pawbilt.com\/wp-content\/uploads\/2025\/10\/pawbilt-4l-smart-automatic-pet-feeder-description-12-175x300.jpg 175w, https:\/\/www.pawbilt.com\/wp-content\/uploads\/2025\/10\/pawbilt-4l-smart-automatic-pet-feeder-description-12-699x1200.jpg 699w, https:\/\/www.pawbilt.com\/wp-content\/uploads\/2025\/10\/pawbilt-4l-smart-automatic-pet-feeder-description-12-7x12.jpg 7w\" sizes=\"(max-width: 750px) 100vw, 750px\" \/><\/p>\n<p>&nbsp;<\/p>\n<p>&nbsp;<\/p>\n<h2><strong>Secci\u00f3n FAQ para la descripci\u00f3n del producto<\/strong><strong>:<\/strong><\/h2>\n<p><strong>P1: \u00bfQu\u00e9 hace especial al comedero autom\u00e1tico inteligente para mascotas Pawbilt 4L?<\/strong><\/p>\n<p><strong>A:<\/strong>\u00a0Ofrece una capacidad de 4L con programaci\u00f3n inteligente para todas las mascotas.<\/p>\n<p><strong>P2: \u00bfPuedo establecer un horario de alimentaci\u00f3n a distancia?<\/strong><\/p>\n<p><strong>A:<\/strong>\u00a0S\u00ed, utiliza la aplicaci\u00f3n para un control sin esfuerzo en cualquier momento.<\/p>\n<p><strong>P3: \u00bfCu\u00e1nta comida cabe?<\/strong><\/p>\n<p><strong>A:<\/strong>\u00a0Ofrece una amplia capacidad de 4 litros para una nutrici\u00f3n continua.<\/p>\n<p><strong>P4: \u00bfEs adecuado para varias mascotas?<\/strong><\/p>\n<p><strong>A:<\/strong>\u00a0S\u00ed, dise\u00f1ado para soportar f\u00e1cilmente hogares con varias mascotas.<\/p>\n<p><strong>P5: \u00bfY si estoy demasiado ocupado para alimentarme manualmente?<\/strong><\/p>\n<p><strong>A:<\/strong>\u00a0La programaci\u00f3n inteligente elimina las molestias de la alimentaci\u00f3n manual.<\/p>\n<p><strong>P6: \u00bfSe puede comprar al por mayor?<\/strong><\/p>\n<p><strong>A:<\/strong>\u00a0S\u00ed, p\u00f3ngase en contacto con nosotros para las opciones de venta al por mayor<\/p>\n<p>&nbsp;<\/p>","protected":false},"excerpt":{"rendered":"<p><strong>\u00a1Mejore el cuidado de su mascota con la innovaci\u00f3n inteligente de PAWBILT!<\/strong> Experimente una alimentaci\u00f3n sin esfuerzo con el comedero inteligente para mascotas PAWBILT 4L, dise\u00f1ado para programar y controlar las comidas de mascotas peque\u00f1as y grandes. Su gran capacidad de 4 litros garantiza una alimentaci\u00f3n continua, perfecta para due\u00f1os ocupados o para hogares con varias mascotas.<\/p>\n<p>&nbsp;<\/p>\n<ul>\n<li><strong>Gran capacidad de 4 litros<\/strong>: Se adapta a mascotas peque\u00f1as y grandes.<\/li>\n<li><strong>Programaci\u00f3n inteligente<\/strong>: Horarios de alimentaci\u00f3n personalizables.<\/li>\n<li><strong>Control sin esfuerzo<\/strong>: Simplifica la gesti\u00f3n de las comidas.<\/li>\n<li><strong>Apto para varias mascotas<\/strong>: Admite varias mascotas f\u00e1cilmente.<\/li>\n<li><strong>P\u00f3ngase en contacto con nosotros<\/strong>: Pedidos al por mayor<\/li>\n<\/ul>","protected":false},"featured_media":20270,"template":"","meta":[],"product_brand":[2141],"product_cat":[2111],"product_tag":[2123,2117,2124,2129,2132,2133,2126,2125,2116,2122],"class_list":{"0":"post-20269","1":"product","2":"type-product","3":"status-publish","4":"has-post-thumbnail","6":"product_brand-pawbilt","7":"product_cat-smart-automatic-cat-feeder-with-single-bowl","8":"product_tag-app-controlled-feeder","9":"product_tag-automatic-pet-feeder","10":"product_tag-automatic-portion-control","11":"product_tag-b2b-pet-products","12":"product_tag-ce-certified-pet-products","13":"product_tag-fcc-certified","14":"product_tag-food-grade-materials","15":"product_tag-low-noise-pump","16":"product_tag-smart-pet-feeder","17":"product_tag-wifi-pet-feeder","19":"first","20":"instock","21":"shipping-taxable","22":"product-type-simple"},"_links":{"self":[{"href":"https:\/\/www.pawbilt.com\/es\/wp-json\/wp\/v2\/product\/20269","targetHints":{"allow":["GET"]}}],"collection":[{"href":"https:\/\/www.pawbilt.com\/es\/wp-json\/wp\/v2\/product"}],"about":[{"href":"https:\/\/www.pawbilt.com\/es\/wp-json\/wp\/v2\/types\/product"}],"wp:featuredmedia":[{"embeddable":true,"href":"https:\/\/www.pawbilt.com\/es\/wp-json\/wp\/v2\/media\/20270"}],"wp:attachment":[{"href":"https:\/\/www.pawbilt.com\/es\/wp-json\/wp\/v2\/media?parent=20269"}],"wp:term":[{"taxonomy":"product_brand","embeddable":true,"href":"https:\/\/www.pawbilt.com\/es\/wp-json\/wp\/v2\/product_brand?post=20269"},{"taxonomy":"product_cat","embeddable":true,"href":"https:\/\/www.pawbilt.com\/es\/wp-json\/wp\/v2\/product_cat?post=20269"},{"taxonomy":"product_tag","embeddable":true,"href":"https:\/\/www.pawbilt.com\/es\/wp-json\/wp\/v2\/product_tag?post=20269"}],"curies":[{"name":"wp","href":"https:\/\/api.w.org\/{rel}","templated":true}]}}