{"id":20269,"date":"2025-10-14T09:44:27","date_gmt":"2025-10-14T01:44:27","guid":{"rendered":"https:\/\/www.pawbilt.com\/?post_type=product&#038;p=20269"},"modified":"2025-10-22T20:34:01","modified_gmt":"2025-10-22T12:34:01","slug":"4l-pet-feeder-with-camera","status":"publish","type":"product","link":"https:\/\/www.pawbilt.com\/fr\/produit\/4l-pet-feeder-with-camera\/","title":{"rendered":"Mangeoire pour animaux de compagnie avec cam\u00e9ra | Design automatique 4L avanc\u00e9 | PAWBILT"},"content":{"rendered":"<h2 class=\"ds-markdown-paragraph\"><strong>D\u00e9couvrez le distributeur intelligent de nourriture pour animaux de compagnie PAWBILIT avec cam\u00e9ra : Alimentation et surveillance intelligentes<\/strong><\/h2>\n<p class=\"ds-markdown-paragraph\">Rencontrer le r\u00e9volutionnaire\u00a0<strong>PAWBILT Nourrisseur intelligent pour animaux de compagnie avec cam\u00e9ra<\/strong>\u00a0- votre solution tout-en-un pour l'alimentation automatis\u00e9e et la surveillance en temps r\u00e9el des animaux de compagnie. Ce syst\u00e8me avanc\u00e9\u00a0<strong>mangeoire pour animaux de compagnie avec cam\u00e9ra<\/strong>\u00a0associe une capacit\u00e9 g\u00e9n\u00e9reuse de 4 litres \u00e0 des capacit\u00e9s de programmation intelligente, ce qui le rend parfait pour les foyers \u00e0 plusieurs animaux et les parents d'animaux tr\u00e8s occup\u00e9s. La cam\u00e9ra HD int\u00e9gr\u00e9e vous permet de surveiller vos animaux pendant leur repas, tandis que la technologie intelligente garantit qu'ils re\u00e7oivent des portions pr\u00e9cises en fonction de votre programme personnalis\u00e9.<\/p>\n<p class=\"ds-markdown-paragraph\"><strong>Fonctionnalit\u00e9s avanc\u00e9es pour une tranquillit\u00e9 d'esprit totale<\/strong><br \/>\nFaites l'exp\u00e9rience de la commodit\u00e9 ultime gr\u00e2ce \u00e0 ce produit innovant.\u00a0<strong>mangeoire pour animaux de compagnie avec cam\u00e9ra<\/strong>qui offre une surveillance vid\u00e9o d'une grande clart\u00e9 et une communication audio bidirectionnelle. Le syst\u00e8me sophistiqu\u00e9 de programmation intelligente vous permet de programmer plusieurs repas par jour, tandis que la grande capacit\u00e9 de 4 litres garantit une alimentation continue pendant des jours sans avoir \u00e0 refaire le plein. Tous les aspects de ce\u00a0<strong>mangeoire automatique pour animaux de compagnie avec cam\u00e9ra<\/strong>\u00a0est con\u00e7u pour \u00e9liminer les probl\u00e8mes d'alimentation manuelle tout en vous permettant de rester en contact avec vos animaux.<\/p>\n<p class=\"ds-markdown-paragraph\"><strong>Technologie intelligente et surveillance \u00e0 distance<\/strong><br \/>\nRestez en contact avec vos animaux gr\u00e2ce \u00e0 l'application mobile d\u00e9di\u00e9e qui int\u00e8gre \u00e0 la fois le contr\u00f4le de l'alimentation et la diffusion de vid\u00e9os en direct. Cette application\u00a0<strong>mangeoire pour animaux de compagnie avec cam\u00e9ra<\/strong>\u00a0fournit des alertes et des notifications en temps r\u00e9el, vous permettant de surveiller les activit\u00e9s \u00e0 l'heure des repas et de vous assurer que tous vos animaux mangent correctement. Le syst\u00e8me de fonctionnement fiable garantit des performances constantes, vous donnant une confiance totale dans les soins apport\u00e9s \u00e0 vos animaux, m\u00eame lorsque vous n'\u00eates pas chez vous.<\/p>\n<p class=\"ds-markdown-paragraph\"><strong>La solution id\u00e9ale pour les partenariats commerciaux<\/strong><br \/>\nPour les d\u00e9taillants et les distributeurs \u00e0 la recherche de produits intelligents haut de gamme pour animaux de compagnie, les\u00a0<strong>PAWBILT Nourrisseur intelligent pour animaux de compagnie avec cam\u00e9ra<\/strong>\u00a0repr\u00e9sente une opportunit\u00e9 de march\u00e9 exceptionnelle. Nous proposons des services OEM complets, des prix de gros comp\u00e9titifs et des options de marquage personnalis\u00e9es pour r\u00e9pondre aux besoins sp\u00e9cifiques de votre entreprise. <a href=\"https:\/\/www.pawbilt.com\/wp-content\/uploads\/2025\/10\/pawbilt-4l-smart-automatic-pet-feeder-main-1-600x450.jpg\">Contactez nous<\/a> aujourd'hui pour discuter des possibilit\u00e9s de partenariat et d\u00e9couvrir comment ce projet innovant de\u00a0<strong>mangeoire pour animaux de compagnie avec cam\u00e9ra<\/strong>\u00a0peut am\u00e9liorer votre gamme de produits.<\/p>\n<p class=\"ds-markdown-paragraph\"><strong>Pourquoi choisir PAWBILT ?<\/strong><br \/>\nS'appuyant sur 13 ans d'expertise en mati\u00e8re de fabrication et sur des certifications de qualit\u00e9 internationales, PAWBILT fournit des solutions de soins fiables et performantes que les animaux de compagnie et leurs propri\u00e9taires appr\u00e9cient. Rejoignez les milliers de clients et de partenaires satisfaits qui font confiance \u00e0 notre approche innovante de la technologie pour animaux de compagnie.<\/p>\n<p>&nbsp;<\/p>\n<h2>Fonctionnalit\u00e9 :<\/h2>\n<p>\u2981 Capacit\u00e9 de 4L pour toutes les tailles d'animaux.<br \/>\n\u2981 Programmation intelligente pour une alimentation facile.<br \/>\n\u2981 Contr\u00f4le sans effort via l'application.<br \/>\n\u2981 Convient aux maisons avec plusieurs animaux.<br \/>\n\u2981 Alimentation continue.<br \/>\n\u2981 Facilit\u00e9 de gestion des repas.<\/p>\n<p>&nbsp;<\/p>\n<h2><strong>Sp\u00e9cification :<\/strong><\/h2>\n<p><img fetchpriority=\"high\" decoding=\"async\" class=\"alignnone wp-image-21420\" src=\"https:\/\/www.pawbilt.com\/wp-content\/uploads\/2025\/10\/8.png\" alt=\"\" width=\"753\" height=\"555\" srcset=\"https:\/\/www.pawbilt.com\/wp-content\/uploads\/2025\/10\/8.png 976w, https:\/\/www.pawbilt.com\/wp-content\/uploads\/2025\/10\/8-300x221.png 300w, https:\/\/www.pawbilt.com\/wp-content\/uploads\/2025\/10\/8-768x566.png 768w, https:\/\/www.pawbilt.com\/wp-content\/uploads\/2025\/10\/8-16x12.png 16w\" sizes=\"(max-width: 753px) 100vw, 753px\" \/><\/p>\n<p><img decoding=\"async\" class=\"alignnone size-full wp-image-20276\" src=\"https:\/\/www.pawbilt.com\/wp-content\/uploads\/2025\/10\/pawbilt-4l-smart-automatic-pet-feeder-description-1.jpg\" alt=\"Pawbilt 4L Smart Automatic Pet Feeder Image\" width=\"750\" height=\"710\" srcset=\"https:\/\/www.pawbilt.com\/wp-content\/uploads\/2025\/10\/pawbilt-4l-smart-automatic-pet-feeder-description-1.jpg 750w, https:\/\/www.pawbilt.com\/wp-content\/uploads\/2025\/10\/pawbilt-4l-smart-automatic-pet-feeder-description-1-300x284.jpg 300w, https:\/\/www.pawbilt.com\/wp-content\/uploads\/2025\/10\/pawbilt-4l-smart-automatic-pet-feeder-description-1-13x12.jpg 13w\" sizes=\"(max-width: 750px) 100vw, 750px\" \/><\/p>\n<p><img decoding=\"async\" class=\"alignnone size-full wp-image-20277\" src=\"https:\/\/www.pawbilt.com\/wp-content\/uploads\/2025\/10\/pawbilt-4l-smart-automatic-pet-feeder-description-2.jpg\" alt=\"Pawbilt 4L Smart Automatic Pet Feeder Image\" width=\"750\" height=\"1258\" srcset=\"https:\/\/www.pawbilt.com\/wp-content\/uploads\/2025\/10\/pawbilt-4l-smart-automatic-pet-feeder-description-2.jpg 750w, https:\/\/www.pawbilt.com\/wp-content\/uploads\/2025\/10\/pawbilt-4l-smart-automatic-pet-feeder-description-2-179x300.jpg 179w, https:\/\/www.pawbilt.com\/wp-content\/uploads\/2025\/10\/pawbilt-4l-smart-automatic-pet-feeder-description-2-715x1200.jpg 715w, https:\/\/www.pawbilt.com\/wp-content\/uploads\/2025\/10\/pawbilt-4l-smart-automatic-pet-feeder-description-2-7x12.jpg 7w\" sizes=\"(max-width: 750px) 100vw, 750px\" \/><\/p>\n<p><img loading=\"lazy\" decoding=\"async\" class=\"alignnone size-full wp-image-20278\" src=\"https:\/\/www.pawbilt.com\/wp-content\/uploads\/2025\/10\/pawbilt-4l-smart-automatic-pet-feeder-description-3.jpg\" alt=\"Pawbilt 4L Smart Automatic Pet Feeder Image\" width=\"750\" height=\"625\" srcset=\"https:\/\/www.pawbilt.com\/wp-content\/uploads\/2025\/10\/pawbilt-4l-smart-automatic-pet-feeder-description-3.jpg 750w, https:\/\/www.pawbilt.com\/wp-content\/uploads\/2025\/10\/pawbilt-4l-smart-automatic-pet-feeder-description-3-300x250.jpg 300w, https:\/\/www.pawbilt.com\/wp-content\/uploads\/2025\/10\/pawbilt-4l-smart-automatic-pet-feeder-description-3-14x12.jpg 14w\" sizes=\"(max-width: 750px) 100vw, 750px\" \/><\/p>\n<p><img loading=\"lazy\" decoding=\"async\" class=\"alignnone size-full wp-image-20279\" src=\"https:\/\/www.pawbilt.com\/wp-content\/uploads\/2025\/10\/pawbilt-4l-smart-automatic-pet-feeder-description-4.jpg\" alt=\"Pawbilt 4L Smart Automatic Pet Feeder Image\" width=\"750\" height=\"911\" srcset=\"https:\/\/www.pawbilt.com\/wp-content\/uploads\/2025\/10\/pawbilt-4l-smart-automatic-pet-feeder-description-4.jpg 750w, https:\/\/www.pawbilt.com\/wp-content\/uploads\/2025\/10\/pawbilt-4l-smart-automatic-pet-feeder-description-4-247x300.jpg 247w, https:\/\/www.pawbilt.com\/wp-content\/uploads\/2025\/10\/pawbilt-4l-smart-automatic-pet-feeder-description-4-10x12.jpg 10w\" sizes=\"(max-width: 750px) 100vw, 750px\" \/><\/p>\n<p><img loading=\"lazy\" decoding=\"async\" class=\"alignnone size-full wp-image-20280\" src=\"https:\/\/www.pawbilt.com\/wp-content\/uploads\/2025\/10\/pawbilt-4l-smart-automatic-pet-feeder-description-5.jpg\" alt=\"Pawbilt 4L Smart Automatic Pet Feeder Image\" width=\"750\" height=\"1283\" srcset=\"https:\/\/www.pawbilt.com\/wp-content\/uploads\/2025\/10\/pawbilt-4l-smart-automatic-pet-feeder-description-5.jpg 750w, https:\/\/www.pawbilt.com\/wp-content\/uploads\/2025\/10\/pawbilt-4l-smart-automatic-pet-feeder-description-5-175x300.jpg 175w, https:\/\/www.pawbilt.com\/wp-content\/uploads\/2025\/10\/pawbilt-4l-smart-automatic-pet-feeder-description-5-701x1200.jpg 701w, https:\/\/www.pawbilt.com\/wp-content\/uploads\/2025\/10\/pawbilt-4l-smart-automatic-pet-feeder-description-5-7x12.jpg 7w\" sizes=\"(max-width: 750px) 100vw, 750px\" \/><\/p>\n<p><img loading=\"lazy\" decoding=\"async\" class=\"alignnone size-full wp-image-20281\" src=\"https:\/\/www.pawbilt.com\/wp-content\/uploads\/2025\/10\/pawbilt-4l-smart-automatic-pet-feeder-description-6.jpg\" alt=\"Pawbilt 4L Smart Automatic Pet Feeder Image\" width=\"750\" height=\"1230\" srcset=\"https:\/\/www.pawbilt.com\/wp-content\/uploads\/2025\/10\/pawbilt-4l-smart-automatic-pet-feeder-description-6.jpg 750w, https:\/\/www.pawbilt.com\/wp-content\/uploads\/2025\/10\/pawbilt-4l-smart-automatic-pet-feeder-description-6-183x300.jpg 183w, https:\/\/www.pawbilt.com\/wp-content\/uploads\/2025\/10\/pawbilt-4l-smart-automatic-pet-feeder-description-6-732x1200.jpg 732w, https:\/\/www.pawbilt.com\/wp-content\/uploads\/2025\/10\/pawbilt-4l-smart-automatic-pet-feeder-description-6-7x12.jpg 7w\" sizes=\"(max-width: 750px) 100vw, 750px\" \/><\/p>\n<p><img loading=\"lazy\" decoding=\"async\" class=\"alignnone size-full wp-image-20282\" src=\"https:\/\/www.pawbilt.com\/wp-content\/uploads\/2025\/10\/pawbilt-4l-smart-automatic-pet-feeder-description-7.jpg\" alt=\"Pawbilt 4L Smart Automatic Pet Feeder Image\" width=\"750\" height=\"1409\" srcset=\"https:\/\/www.pawbilt.com\/wp-content\/uploads\/2025\/10\/pawbilt-4l-smart-automatic-pet-feeder-description-7.jpg 750w, https:\/\/www.pawbilt.com\/wp-content\/uploads\/2025\/10\/pawbilt-4l-smart-automatic-pet-feeder-description-7-160x300.jpg 160w, https:\/\/www.pawbilt.com\/wp-content\/uploads\/2025\/10\/pawbilt-4l-smart-automatic-pet-feeder-description-7-639x1200.jpg 639w, https:\/\/www.pawbilt.com\/wp-content\/uploads\/2025\/10\/pawbilt-4l-smart-automatic-pet-feeder-description-7-6x12.jpg 6w\" sizes=\"(max-width: 750px) 100vw, 750px\" \/><\/p>\n<p><img loading=\"lazy\" decoding=\"async\" class=\"alignnone size-full wp-image-20283\" src=\"https:\/\/www.pawbilt.com\/wp-content\/uploads\/2025\/10\/pawbilt-4l-smart-automatic-pet-feeder-description-8.jpg\" alt=\"Pawbilt 4L Smart Automatic Pet Feeder Image\" width=\"750\" height=\"1163\" srcset=\"https:\/\/www.pawbilt.com\/wp-content\/uploads\/2025\/10\/pawbilt-4l-smart-automatic-pet-feeder-description-8.jpg 750w, https:\/\/www.pawbilt.com\/wp-content\/uploads\/2025\/10\/pawbilt-4l-smart-automatic-pet-feeder-description-8-193x300.jpg 193w, https:\/\/www.pawbilt.com\/wp-content\/uploads\/2025\/10\/pawbilt-4l-smart-automatic-pet-feeder-description-8-8x12.jpg 8w\" sizes=\"(max-width: 750px) 100vw, 750px\" \/><\/p>\n<p><img loading=\"lazy\" decoding=\"async\" class=\"alignnone size-full wp-image-20284\" src=\"https:\/\/www.pawbilt.com\/wp-content\/uploads\/2025\/10\/pawbilt-4l-smart-automatic-pet-feeder-description-9.jpg\" alt=\"Pawbilt 4L Smart Automatic Pet Feeder Image\" width=\"750\" height=\"1220\" srcset=\"https:\/\/www.pawbilt.com\/wp-content\/uploads\/2025\/10\/pawbilt-4l-smart-automatic-pet-feeder-description-9.jpg 750w, https:\/\/www.pawbilt.com\/wp-content\/uploads\/2025\/10\/pawbilt-4l-smart-automatic-pet-feeder-description-9-184x300.jpg 184w, https:\/\/www.pawbilt.com\/wp-content\/uploads\/2025\/10\/pawbilt-4l-smart-automatic-pet-feeder-description-9-738x1200.jpg 738w, https:\/\/www.pawbilt.com\/wp-content\/uploads\/2025\/10\/pawbilt-4l-smart-automatic-pet-feeder-description-9-7x12.jpg 7w\" sizes=\"(max-width: 750px) 100vw, 750px\" \/><\/p>\n<p><img loading=\"lazy\" decoding=\"async\" class=\"alignnone size-full wp-image-20285\" src=\"https:\/\/www.pawbilt.com\/wp-content\/uploads\/2025\/10\/pawbilt-4l-smart-automatic-pet-feeder-description-10.jpg\" alt=\"Pawbilt 4L Smart Automatic Pet Feeder Image\" width=\"750\" height=\"1072\" srcset=\"https:\/\/www.pawbilt.com\/wp-content\/uploads\/2025\/10\/pawbilt-4l-smart-automatic-pet-feeder-description-10.jpg 750w, https:\/\/www.pawbilt.com\/wp-content\/uploads\/2025\/10\/pawbilt-4l-smart-automatic-pet-feeder-description-10-210x300.jpg 210w, https:\/\/www.pawbilt.com\/wp-content\/uploads\/2025\/10\/pawbilt-4l-smart-automatic-pet-feeder-description-10-8x12.jpg 8w\" sizes=\"(max-width: 750px) 100vw, 750px\" \/><\/p>\n<p><img loading=\"lazy\" decoding=\"async\" class=\"alignnone size-full wp-image-20288\" src=\"https:\/\/www.pawbilt.com\/wp-content\/uploads\/2025\/10\/pawbilt-4l-smart-automatic-pet-feeder-description-11-2.jpg\" alt=\"Pawbilt 4L Smart Automatic Pet Feeder Image\" width=\"750\" height=\"896\" srcset=\"https:\/\/www.pawbilt.com\/wp-content\/uploads\/2025\/10\/pawbilt-4l-smart-automatic-pet-feeder-description-11-2.jpg 750w, https:\/\/www.pawbilt.com\/wp-content\/uploads\/2025\/10\/pawbilt-4l-smart-automatic-pet-feeder-description-11-2-251x300.jpg 251w, https:\/\/www.pawbilt.com\/wp-content\/uploads\/2025\/10\/pawbilt-4l-smart-automatic-pet-feeder-description-11-2-10x12.jpg 10w\" sizes=\"(max-width: 750px) 100vw, 750px\" \/><\/p>\n<p><img loading=\"lazy\" decoding=\"async\" class=\"alignnone size-full wp-image-20289\" src=\"https:\/\/www.pawbilt.com\/wp-content\/uploads\/2025\/10\/pawbilt-4l-smart-automatic-pet-feeder-description-12.jpg\" alt=\"Pawbilt 4L Smart Automatic Pet Feeder Image\" width=\"750\" height=\"1287\" srcset=\"https:\/\/www.pawbilt.com\/wp-content\/uploads\/2025\/10\/pawbilt-4l-smart-automatic-pet-feeder-description-12.jpg 750w, https:\/\/www.pawbilt.com\/wp-content\/uploads\/2025\/10\/pawbilt-4l-smart-automatic-pet-feeder-description-12-175x300.jpg 175w, https:\/\/www.pawbilt.com\/wp-content\/uploads\/2025\/10\/pawbilt-4l-smart-automatic-pet-feeder-description-12-699x1200.jpg 699w, https:\/\/www.pawbilt.com\/wp-content\/uploads\/2025\/10\/pawbilt-4l-smart-automatic-pet-feeder-description-12-7x12.jpg 7w\" sizes=\"(max-width: 750px) 100vw, 750px\" \/><\/p>\n<p>&nbsp;<\/p>\n<p>&nbsp;<\/p>\n<h2><strong>Section FAQ pour la description du produit<\/strong><strong>:<\/strong><\/h2>\n<p><strong>Q1 : Qu'est-ce qui rend le distributeur automatique de nourriture pour animaux Pawbilt 4L Smart sp\u00e9cial ?<\/strong><\/p>\n<p><strong>A :<\/strong>\u00a0Il offre une capacit\u00e9 de 4 litres et une programmation intelligente pour tous les animaux de compagnie.<\/p>\n<p><strong>Q2 : Puis-je d\u00e9finir un horaire d'alimentation \u00e0 distance ?<\/strong><\/p>\n<p><strong>A :<\/strong>\u00a0Oui, utilisez l'application pour un contr\u00f4le sans effort \u00e0 tout moment.<\/p>\n<p><strong>Q3 : Quelle est la quantit\u00e9 de nourriture qu'il peut contenir ?<\/strong><\/p>\n<p><strong>A :<\/strong>\u00a0Il dispose d'une grande capacit\u00e9 de 4 litres pour une alimentation continue.<\/p>\n<p><strong>Q4 : Convient-il pour plusieurs animaux de compagnie ?<\/strong><\/p>\n<p><strong>A :<\/strong>\u00a0Oui, il est con\u00e7u pour s'adapter facilement aux foyers \u00e0 plusieurs animaux.<\/p>\n<p><strong>Q5 : Que se passe-t-il si je suis trop occup\u00e9 pour nourrir manuellement les animaux ?<\/strong><\/p>\n<p><strong>A :<\/strong>\u00a0La programmation intelligente \u00e9limine les probl\u00e8mes d'alimentation manuelle.<\/p>\n<p><strong>Q6 : Ce produit est-il disponible pour la vente en gros ?<\/strong><\/p>\n<p><strong>A :<\/strong>\u00a0Oui, contactez-nous pour les options de vente en gros<\/p>\n<p>&nbsp;<\/p>","protected":false},"excerpt":{"rendered":"<p><strong>Am\u00e9liorez les soins de votre animal de compagnie gr\u00e2ce \u00e0 l'innovation intelligente de PAWBILT !<\/strong> Nourrissez-vous sans effort avec le distributeur intelligent PAWBILT 4L, con\u00e7u pour programmer et contr\u00f4ler les repas des animaux de petite et grande taille. Sa grande capacit\u00e9 de 4 litres garantit une alimentation continue, ce qui est parfait pour les propri\u00e9taires occup\u00e9s ou les foyers avec plusieurs animaux.<\/p>\n<p>&nbsp;<\/p>\n<ul>\n<li><strong>Capacit\u00e9 spacieuse de 4 litres<\/strong>: Convient aux animaux de petite et grande taille.<\/li>\n<li><strong>Programmation intelligente<\/strong>: Heures d'alimentation personnalisables.<\/li>\n<li><strong>Un contr\u00f4le sans faille<\/strong>: Simplifie la gestion des repas.<\/li>\n<li><strong>Amis des animaux de compagnie<\/strong>: Permet d'accueillir facilement plusieurs animaux de compagnie.<\/li>\n<li><strong>Contactez-nous pour la vente en gros<\/strong>: Commandes en gros<\/li>\n<\/ul>","protected":false},"featured_media":20270,"template":"","meta":[],"product_brand":[2141],"product_cat":[2111],"product_tag":[2123,2117,2124,2129,2132,2133,2126,2125,2116,2122],"class_list":{"0":"post-20269","1":"product","2":"type-product","3":"status-publish","4":"has-post-thumbnail","6":"product_brand-pawbilt","7":"product_cat-smart-automatic-cat-feeder-with-single-bowl","8":"product_tag-app-controlled-feeder","9":"product_tag-automatic-pet-feeder","10":"product_tag-automatic-portion-control","11":"product_tag-b2b-pet-products","12":"product_tag-ce-certified-pet-products","13":"product_tag-fcc-certified","14":"product_tag-food-grade-materials","15":"product_tag-low-noise-pump","16":"product_tag-smart-pet-feeder","17":"product_tag-wifi-pet-feeder","19":"first","20":"instock","21":"shipping-taxable","22":"product-type-simple"},"_links":{"self":[{"href":"https:\/\/www.pawbilt.com\/fr\/wp-json\/wp\/v2\/product\/20269","targetHints":{"allow":["GET"]}}],"collection":[{"href":"https:\/\/www.pawbilt.com\/fr\/wp-json\/wp\/v2\/product"}],"about":[{"href":"https:\/\/www.pawbilt.com\/fr\/wp-json\/wp\/v2\/types\/product"}],"wp:featuredmedia":[{"embeddable":true,"href":"https:\/\/www.pawbilt.com\/fr\/wp-json\/wp\/v2\/media\/20270"}],"wp:attachment":[{"href":"https:\/\/www.pawbilt.com\/fr\/wp-json\/wp\/v2\/media?parent=20269"}],"wp:term":[{"taxonomy":"product_brand","embeddable":true,"href":"https:\/\/www.pawbilt.com\/fr\/wp-json\/wp\/v2\/product_brand?post=20269"},{"taxonomy":"product_cat","embeddable":true,"href":"https:\/\/www.pawbilt.com\/fr\/wp-json\/wp\/v2\/product_cat?post=20269"},{"taxonomy":"product_tag","embeddable":true,"href":"https:\/\/www.pawbilt.com\/fr\/wp-json\/wp\/v2\/product_tag?post=20269"}],"curies":[{"name":"wp","href":"https:\/\/api.w.org\/{rel}","templated":true}]}}