{"id":20269,"date":"2025-10-14T09:44:27","date_gmt":"2025-10-14T01:44:27","guid":{"rendered":"https:\/\/www.pawbilt.com\/?post_type=product&#038;p=20269"},"modified":"2025-10-22T20:34:01","modified_gmt":"2025-10-22T12:34:01","slug":"4l-pet-feeder-with-camera","status":"publish","type":"product","link":"https:\/\/www.pawbilt.com\/it\/prodotto\/4l-pet-feeder-with-camera\/","title":{"rendered":"Alimentatore per animali domestici con telecamera | Design automatico avanzato da 4 litri | PAWBILT"},"content":{"rendered":"<h2 class=\"ds-markdown-paragraph\"><strong>Scoprite l'alimentatore intelligente per animali domestici PAWBILIT con telecamera: Alimentazione e monitoraggio intelligenti<\/strong><\/h2>\n<p class=\"ds-markdown-paragraph\">Incontrare il rivoluzionario\u00a0<strong>PAWBILT Alimentatore intelligente per animali domestici con telecamera<\/strong>\u00a0- la soluzione completa per l'alimentazione automatica e il monitoraggio in tempo reale degli animali domestici. Questa soluzione avanzata\u00a0<strong>mangiatoia per animali con telecamera<\/strong>\u00a0combina una generosa capacit\u00e0 di 4 litri con funzionalit\u00e0 di programmazione intelligente, rendendolo perfetto per le famiglie con pi\u00f9 animali domestici e per i genitori impegnati. La telecamera HD integrata consente di osservare gli animali durante il pasto, mentre la tecnologia intelligente assicura che ricevano porzioni precise in base al programma personalizzato.<\/p>\n<p class=\"ds-markdown-paragraph\"><strong>Funzioni avanzate per la massima tranquillit\u00e0<\/strong><br \/>\nSperimentate la massima comodit\u00e0 con questo innovativo\u00a0<strong>mangiatoia per animali con telecamera<\/strong>che offre un monitoraggio video cristallino e una comunicazione audio bidirezionale. Il sofisticato sistema di programmazione intelligente consente di programmare pi\u00f9 somministrazioni giornaliere, mentre l'ampia capacit\u00e0 di 4 litri garantisce un'alimentazione continua per giorni senza bisogno di rifornimenti. Ogni aspetto di questo\u00a0<strong>mangiatoia automatica per animali domestici con telecamera<\/strong>\u00a0\u00e8 stato progettato per eliminare i problemi di alimentazione manuale, mantenendo il contatto con gli animali domestici.<\/p>\n<p class=\"ds-markdown-paragraph\"><strong>Tecnologia intelligente e monitoraggio remoto<\/strong><br \/>\nRimanete in contatto con i vostri animali domestici attraverso l'applicazione mobile dedicata che integra il controllo dell'alimentazione e lo streaming video in diretta. Questo sistema all'avanguardia\u00a0<strong>mangiatoia per animali con telecamera<\/strong>\u00a0fornisce avvisi e notifiche in tempo reale, consentendo di monitorare le attivit\u00e0 del pasto e di assicurarsi che tutti gli animali domestici mangino correttamente. L'affidabile sistema di funzionamento garantisce prestazioni costanti, dandovi la massima fiducia nella cura dei vostri animali anche quando siete lontani da casa.<\/p>\n<p class=\"ds-markdown-paragraph\"><strong>Soluzione perfetta per le partnership commerciali<\/strong><br \/>\nPer i rivenditori e i distributori alla ricerca di prodotti intelligenti di alta qualit\u00e0 per animali domestici, la\u00a0<strong>PAWBILT Alimentatore intelligente per animali domestici con telecamera<\/strong>\u00a0rappresenta un'opportunit\u00e0 di mercato eccezionale. Offriamo servizi OEM completi, prezzi all'ingrosso competitivi e opzioni di personalizzazione del marchio per soddisfare le vostre specifiche esigenze aziendali. <a href=\"https:\/\/www.pawbilt.com\/wp-content\/uploads\/2025\/10\/pawbilt-4l-smart-automatic-pet-feeder-main-1-600x450.jpg\">Contattateci<\/a> per discutere delle opportunit\u00e0 di partnership e per scoprire come questo innovativo sistema di\u00a0<strong>mangiatoia per animali con telecamera<\/strong>\u00a0pu\u00f2 migliorare la vostra linea di prodotti.<\/p>\n<p class=\"ds-markdown-paragraph\"><strong>Perch\u00e9 scegliere PAWBILT?<\/strong><br \/>\nForte di 13 anni di esperienza nella produzione e di certificazioni di qualit\u00e0 internazionali, PAWBILT offre soluzioni affidabili e ad alte prestazioni per la cura degli animali domestici che piacciono sia agli animali che ai loro proprietari. Unisciti a migliaia di clienti e partner commerciali soddisfatti che si fidano del nostro approccio innovativo alla tecnologia per animali domestici.<\/p>\n<p>&nbsp;<\/p>\n<h2>Caratteristica:<\/h2>\n<p>\u2981 Capacit\u00e0 di 4 litri per animali di tutte le dimensioni.<br \/>\n\u2981 Programmazione intelligente per una facile alimentazione.<br \/>\n\u2981 Controllo semplice tramite app.<br \/>\n\u2981 Adatto a case con pi\u00f9 animali domestici.<br \/>\n\u2981 Alimentazione continua.<br \/>\n\u2981 Facile gestione degli orari dei pasti.<\/p>\n<p>&nbsp;<\/p>\n<h2><strong>Specifiche:<\/strong><\/h2>\n<p><img fetchpriority=\"high\" decoding=\"async\" class=\"alignnone wp-image-21420\" src=\"https:\/\/www.pawbilt.com\/wp-content\/uploads\/2025\/10\/8.png\" alt=\"\" width=\"753\" height=\"555\" srcset=\"https:\/\/www.pawbilt.com\/wp-content\/uploads\/2025\/10\/8.png 976w, https:\/\/www.pawbilt.com\/wp-content\/uploads\/2025\/10\/8-300x221.png 300w, https:\/\/www.pawbilt.com\/wp-content\/uploads\/2025\/10\/8-768x566.png 768w, https:\/\/www.pawbilt.com\/wp-content\/uploads\/2025\/10\/8-16x12.png 16w\" sizes=\"(max-width: 753px) 100vw, 753px\" \/><\/p>\n<p><img decoding=\"async\" class=\"alignnone size-full wp-image-20276\" src=\"https:\/\/www.pawbilt.com\/wp-content\/uploads\/2025\/10\/pawbilt-4l-smart-automatic-pet-feeder-description-1.jpg\" alt=\"Pawbilt 4L Smart Automatic Pet Feeder Image\" width=\"750\" height=\"710\" srcset=\"https:\/\/www.pawbilt.com\/wp-content\/uploads\/2025\/10\/pawbilt-4l-smart-automatic-pet-feeder-description-1.jpg 750w, https:\/\/www.pawbilt.com\/wp-content\/uploads\/2025\/10\/pawbilt-4l-smart-automatic-pet-feeder-description-1-300x284.jpg 300w, https:\/\/www.pawbilt.com\/wp-content\/uploads\/2025\/10\/pawbilt-4l-smart-automatic-pet-feeder-description-1-13x12.jpg 13w\" sizes=\"(max-width: 750px) 100vw, 750px\" \/><\/p>\n<p><img decoding=\"async\" class=\"alignnone size-full wp-image-20277\" src=\"https:\/\/www.pawbilt.com\/wp-content\/uploads\/2025\/10\/pawbilt-4l-smart-automatic-pet-feeder-description-2.jpg\" alt=\"Pawbilt 4L Smart Automatic Pet Feeder Image\" width=\"750\" height=\"1258\" srcset=\"https:\/\/www.pawbilt.com\/wp-content\/uploads\/2025\/10\/pawbilt-4l-smart-automatic-pet-feeder-description-2.jpg 750w, https:\/\/www.pawbilt.com\/wp-content\/uploads\/2025\/10\/pawbilt-4l-smart-automatic-pet-feeder-description-2-179x300.jpg 179w, https:\/\/www.pawbilt.com\/wp-content\/uploads\/2025\/10\/pawbilt-4l-smart-automatic-pet-feeder-description-2-715x1200.jpg 715w, https:\/\/www.pawbilt.com\/wp-content\/uploads\/2025\/10\/pawbilt-4l-smart-automatic-pet-feeder-description-2-7x12.jpg 7w\" sizes=\"(max-width: 750px) 100vw, 750px\" \/><\/p>\n<p><img loading=\"lazy\" decoding=\"async\" class=\"alignnone size-full wp-image-20278\" src=\"https:\/\/www.pawbilt.com\/wp-content\/uploads\/2025\/10\/pawbilt-4l-smart-automatic-pet-feeder-description-3.jpg\" alt=\"Pawbilt 4L Smart Automatic Pet Feeder Image\" width=\"750\" height=\"625\" srcset=\"https:\/\/www.pawbilt.com\/wp-content\/uploads\/2025\/10\/pawbilt-4l-smart-automatic-pet-feeder-description-3.jpg 750w, https:\/\/www.pawbilt.com\/wp-content\/uploads\/2025\/10\/pawbilt-4l-smart-automatic-pet-feeder-description-3-300x250.jpg 300w, https:\/\/www.pawbilt.com\/wp-content\/uploads\/2025\/10\/pawbilt-4l-smart-automatic-pet-feeder-description-3-14x12.jpg 14w\" sizes=\"(max-width: 750px) 100vw, 750px\" \/><\/p>\n<p><img loading=\"lazy\" decoding=\"async\" class=\"alignnone size-full wp-image-20279\" src=\"https:\/\/www.pawbilt.com\/wp-content\/uploads\/2025\/10\/pawbilt-4l-smart-automatic-pet-feeder-description-4.jpg\" alt=\"Pawbilt 4L Smart Automatic Pet Feeder Image\" width=\"750\" height=\"911\" srcset=\"https:\/\/www.pawbilt.com\/wp-content\/uploads\/2025\/10\/pawbilt-4l-smart-automatic-pet-feeder-description-4.jpg 750w, https:\/\/www.pawbilt.com\/wp-content\/uploads\/2025\/10\/pawbilt-4l-smart-automatic-pet-feeder-description-4-247x300.jpg 247w, https:\/\/www.pawbilt.com\/wp-content\/uploads\/2025\/10\/pawbilt-4l-smart-automatic-pet-feeder-description-4-10x12.jpg 10w\" sizes=\"(max-width: 750px) 100vw, 750px\" \/><\/p>\n<p><img loading=\"lazy\" decoding=\"async\" class=\"alignnone size-full wp-image-20280\" src=\"https:\/\/www.pawbilt.com\/wp-content\/uploads\/2025\/10\/pawbilt-4l-smart-automatic-pet-feeder-description-5.jpg\" alt=\"Pawbilt 4L Smart Automatic Pet Feeder Image\" width=\"750\" height=\"1283\" srcset=\"https:\/\/www.pawbilt.com\/wp-content\/uploads\/2025\/10\/pawbilt-4l-smart-automatic-pet-feeder-description-5.jpg 750w, https:\/\/www.pawbilt.com\/wp-content\/uploads\/2025\/10\/pawbilt-4l-smart-automatic-pet-feeder-description-5-175x300.jpg 175w, https:\/\/www.pawbilt.com\/wp-content\/uploads\/2025\/10\/pawbilt-4l-smart-automatic-pet-feeder-description-5-701x1200.jpg 701w, https:\/\/www.pawbilt.com\/wp-content\/uploads\/2025\/10\/pawbilt-4l-smart-automatic-pet-feeder-description-5-7x12.jpg 7w\" sizes=\"(max-width: 750px) 100vw, 750px\" \/><\/p>\n<p><img loading=\"lazy\" decoding=\"async\" class=\"alignnone size-full wp-image-20281\" src=\"https:\/\/www.pawbilt.com\/wp-content\/uploads\/2025\/10\/pawbilt-4l-smart-automatic-pet-feeder-description-6.jpg\" alt=\"Pawbilt 4L Smart Automatic Pet Feeder Image\" width=\"750\" height=\"1230\" srcset=\"https:\/\/www.pawbilt.com\/wp-content\/uploads\/2025\/10\/pawbilt-4l-smart-automatic-pet-feeder-description-6.jpg 750w, https:\/\/www.pawbilt.com\/wp-content\/uploads\/2025\/10\/pawbilt-4l-smart-automatic-pet-feeder-description-6-183x300.jpg 183w, https:\/\/www.pawbilt.com\/wp-content\/uploads\/2025\/10\/pawbilt-4l-smart-automatic-pet-feeder-description-6-732x1200.jpg 732w, https:\/\/www.pawbilt.com\/wp-content\/uploads\/2025\/10\/pawbilt-4l-smart-automatic-pet-feeder-description-6-7x12.jpg 7w\" sizes=\"(max-width: 750px) 100vw, 750px\" \/><\/p>\n<p><img loading=\"lazy\" decoding=\"async\" class=\"alignnone size-full wp-image-20282\" src=\"https:\/\/www.pawbilt.com\/wp-content\/uploads\/2025\/10\/pawbilt-4l-smart-automatic-pet-feeder-description-7.jpg\" alt=\"Pawbilt 4L Smart Automatic Pet Feeder Image\" width=\"750\" height=\"1409\" srcset=\"https:\/\/www.pawbilt.com\/wp-content\/uploads\/2025\/10\/pawbilt-4l-smart-automatic-pet-feeder-description-7.jpg 750w, https:\/\/www.pawbilt.com\/wp-content\/uploads\/2025\/10\/pawbilt-4l-smart-automatic-pet-feeder-description-7-160x300.jpg 160w, https:\/\/www.pawbilt.com\/wp-content\/uploads\/2025\/10\/pawbilt-4l-smart-automatic-pet-feeder-description-7-639x1200.jpg 639w, https:\/\/www.pawbilt.com\/wp-content\/uploads\/2025\/10\/pawbilt-4l-smart-automatic-pet-feeder-description-7-6x12.jpg 6w\" sizes=\"(max-width: 750px) 100vw, 750px\" \/><\/p>\n<p><img loading=\"lazy\" decoding=\"async\" class=\"alignnone size-full wp-image-20283\" src=\"https:\/\/www.pawbilt.com\/wp-content\/uploads\/2025\/10\/pawbilt-4l-smart-automatic-pet-feeder-description-8.jpg\" alt=\"Pawbilt 4L Smart Automatic Pet Feeder Image\" width=\"750\" height=\"1163\" srcset=\"https:\/\/www.pawbilt.com\/wp-content\/uploads\/2025\/10\/pawbilt-4l-smart-automatic-pet-feeder-description-8.jpg 750w, https:\/\/www.pawbilt.com\/wp-content\/uploads\/2025\/10\/pawbilt-4l-smart-automatic-pet-feeder-description-8-193x300.jpg 193w, https:\/\/www.pawbilt.com\/wp-content\/uploads\/2025\/10\/pawbilt-4l-smart-automatic-pet-feeder-description-8-8x12.jpg 8w\" sizes=\"(max-width: 750px) 100vw, 750px\" \/><\/p>\n<p><img loading=\"lazy\" decoding=\"async\" class=\"alignnone size-full wp-image-20284\" src=\"https:\/\/www.pawbilt.com\/wp-content\/uploads\/2025\/10\/pawbilt-4l-smart-automatic-pet-feeder-description-9.jpg\" alt=\"Pawbilt 4L Smart Automatic Pet Feeder Image\" width=\"750\" height=\"1220\" srcset=\"https:\/\/www.pawbilt.com\/wp-content\/uploads\/2025\/10\/pawbilt-4l-smart-automatic-pet-feeder-description-9.jpg 750w, https:\/\/www.pawbilt.com\/wp-content\/uploads\/2025\/10\/pawbilt-4l-smart-automatic-pet-feeder-description-9-184x300.jpg 184w, https:\/\/www.pawbilt.com\/wp-content\/uploads\/2025\/10\/pawbilt-4l-smart-automatic-pet-feeder-description-9-738x1200.jpg 738w, https:\/\/www.pawbilt.com\/wp-content\/uploads\/2025\/10\/pawbilt-4l-smart-automatic-pet-feeder-description-9-7x12.jpg 7w\" sizes=\"(max-width: 750px) 100vw, 750px\" \/><\/p>\n<p><img loading=\"lazy\" decoding=\"async\" class=\"alignnone size-full wp-image-20285\" src=\"https:\/\/www.pawbilt.com\/wp-content\/uploads\/2025\/10\/pawbilt-4l-smart-automatic-pet-feeder-description-10.jpg\" alt=\"Pawbilt 4L Smart Automatic Pet Feeder Image\" width=\"750\" height=\"1072\" srcset=\"https:\/\/www.pawbilt.com\/wp-content\/uploads\/2025\/10\/pawbilt-4l-smart-automatic-pet-feeder-description-10.jpg 750w, https:\/\/www.pawbilt.com\/wp-content\/uploads\/2025\/10\/pawbilt-4l-smart-automatic-pet-feeder-description-10-210x300.jpg 210w, https:\/\/www.pawbilt.com\/wp-content\/uploads\/2025\/10\/pawbilt-4l-smart-automatic-pet-feeder-description-10-8x12.jpg 8w\" sizes=\"(max-width: 750px) 100vw, 750px\" \/><\/p>\n<p><img loading=\"lazy\" decoding=\"async\" class=\"alignnone size-full wp-image-20288\" src=\"https:\/\/www.pawbilt.com\/wp-content\/uploads\/2025\/10\/pawbilt-4l-smart-automatic-pet-feeder-description-11-2.jpg\" alt=\"Pawbilt 4L Smart Automatic Pet Feeder Image\" width=\"750\" height=\"896\" srcset=\"https:\/\/www.pawbilt.com\/wp-content\/uploads\/2025\/10\/pawbilt-4l-smart-automatic-pet-feeder-description-11-2.jpg 750w, https:\/\/www.pawbilt.com\/wp-content\/uploads\/2025\/10\/pawbilt-4l-smart-automatic-pet-feeder-description-11-2-251x300.jpg 251w, https:\/\/www.pawbilt.com\/wp-content\/uploads\/2025\/10\/pawbilt-4l-smart-automatic-pet-feeder-description-11-2-10x12.jpg 10w\" sizes=\"(max-width: 750px) 100vw, 750px\" \/><\/p>\n<p><img loading=\"lazy\" decoding=\"async\" class=\"alignnone size-full wp-image-20289\" src=\"https:\/\/www.pawbilt.com\/wp-content\/uploads\/2025\/10\/pawbilt-4l-smart-automatic-pet-feeder-description-12.jpg\" alt=\"Pawbilt 4L Smart Automatic Pet Feeder Image\" width=\"750\" height=\"1287\" srcset=\"https:\/\/www.pawbilt.com\/wp-content\/uploads\/2025\/10\/pawbilt-4l-smart-automatic-pet-feeder-description-12.jpg 750w, https:\/\/www.pawbilt.com\/wp-content\/uploads\/2025\/10\/pawbilt-4l-smart-automatic-pet-feeder-description-12-175x300.jpg 175w, https:\/\/www.pawbilt.com\/wp-content\/uploads\/2025\/10\/pawbilt-4l-smart-automatic-pet-feeder-description-12-699x1200.jpg 699w, https:\/\/www.pawbilt.com\/wp-content\/uploads\/2025\/10\/pawbilt-4l-smart-automatic-pet-feeder-description-12-7x12.jpg 7w\" sizes=\"(max-width: 750px) 100vw, 750px\" \/><\/p>\n<p>&nbsp;<\/p>\n<p>&nbsp;<\/p>\n<h2><strong>Sezione FAQ per la descrizione del prodotto<\/strong><strong>:<\/strong><\/h2>\n<p><strong>D1: Cosa rende speciale l'alimentatore automatico intelligente per animali domestici Pawbilt 4L?<\/strong><\/p>\n<p><strong>A:<\/strong>\u00a0Offre una capacit\u00e0 di 4 litri con programmazione intelligente per tutti gli animali domestici.<\/p>\n<p><strong>D2: Posso impostare un programma di alimentazione da remoto?<\/strong><\/p>\n<p><strong>A:<\/strong>\u00a0S\u00ec, utilizzate l'app per un controllo immediato in qualsiasi momento.<\/p>\n<p><strong>D3: Quanto cibo contiene?<\/strong><\/p>\n<p><strong>A:<\/strong>\u00a0Dispone di un'ampia capacit\u00e0 di 4 litri per un'alimentazione continua.<\/p>\n<p><strong>D4: \u00c8 adatto a pi\u00f9 animali domestici?<\/strong><\/p>\n<p><strong>A:<\/strong>\u00a0S\u00ec, progettato per supportare facilmente le famiglie con pi\u00f9 animali domestici.<\/p>\n<p><strong>D5: Cosa succede se sono troppo occupato per alimentare manualmente?<\/strong><\/p>\n<p><strong>A:<\/strong>\u00a0La programmazione intelligente elimina i problemi di alimentazione manuale.<\/p>\n<p><strong>D6: \u00c8 disponibile per la vendita all'ingrosso?<\/strong><\/p>\n<p><strong>A:<\/strong>\u00a0S\u00ec, contattateci per le opzioni di vendita all'ingrosso<\/p>\n<p>&nbsp;<\/p>","protected":false},"excerpt":{"rendered":"<p><strong>Migliorate la cura degli animali domestici con l'innovazione intelligente di PAWBILT!<\/strong> Provate l'esperienza di un'alimentazione senza sforzi con lo Smart Pet Feeder 4L di PAWBILT, progettato per programmare e controllare i pasti di animali domestici di piccola e grande taglia. La sua ampia capacit\u00e0 di 4 litri garantisce un'alimentazione continua, perfetta per i proprietari pi\u00f9 impegnati o per le case con pi\u00f9 animali domestici.<\/p>\n<p>&nbsp;<\/p>\n<ul>\n<li><strong>Capacit\u00e0 4L<\/strong>: Adatto ad animali domestici di piccola e grande taglia.<\/li>\n<li><strong>Programmazione intelligente<\/strong>: Tempi di alimentazione personalizzabili.<\/li>\n<li><strong>Controllo senza sforzo<\/strong>: Semplifica la gestione dei pasti.<\/li>\n<li><strong>Adatto a pi\u00f9 animali domestici<\/strong>: Supporta facilmente pi\u00f9 animali domestici.<\/li>\n<li><strong>Contattateci per la vendita all'ingrosso<\/strong>: Ordini in blocco<\/li>\n<\/ul>","protected":false},"featured_media":20270,"template":"","meta":[],"product_brand":[2141],"product_cat":[2111],"product_tag":[2123,2117,2124,2129,2132,2133,2126,2125,2116,2122],"class_list":{"0":"post-20269","1":"product","2":"type-product","3":"status-publish","4":"has-post-thumbnail","6":"product_brand-pawbilt","7":"product_cat-smart-automatic-cat-feeder-with-single-bowl","8":"product_tag-app-controlled-feeder","9":"product_tag-automatic-pet-feeder","10":"product_tag-automatic-portion-control","11":"product_tag-b2b-pet-products","12":"product_tag-ce-certified-pet-products","13":"product_tag-fcc-certified","14":"product_tag-food-grade-materials","15":"product_tag-low-noise-pump","16":"product_tag-smart-pet-feeder","17":"product_tag-wifi-pet-feeder","19":"first","20":"instock","21":"shipping-taxable","22":"product-type-simple"},"_links":{"self":[{"href":"https:\/\/www.pawbilt.com\/it\/wp-json\/wp\/v2\/product\/20269","targetHints":{"allow":["GET"]}}],"collection":[{"href":"https:\/\/www.pawbilt.com\/it\/wp-json\/wp\/v2\/product"}],"about":[{"href":"https:\/\/www.pawbilt.com\/it\/wp-json\/wp\/v2\/types\/product"}],"wp:featuredmedia":[{"embeddable":true,"href":"https:\/\/www.pawbilt.com\/it\/wp-json\/wp\/v2\/media\/20270"}],"wp:attachment":[{"href":"https:\/\/www.pawbilt.com\/it\/wp-json\/wp\/v2\/media?parent=20269"}],"wp:term":[{"taxonomy":"product_brand","embeddable":true,"href":"https:\/\/www.pawbilt.com\/it\/wp-json\/wp\/v2\/product_brand?post=20269"},{"taxonomy":"product_cat","embeddable":true,"href":"https:\/\/www.pawbilt.com\/it\/wp-json\/wp\/v2\/product_cat?post=20269"},{"taxonomy":"product_tag","embeddable":true,"href":"https:\/\/www.pawbilt.com\/it\/wp-json\/wp\/v2\/product_tag?post=20269"}],"curies":[{"name":"wp","href":"https:\/\/api.w.org\/{rel}","templated":true}]}}